{"id":9322,"date":"2026-03-22T18:11:15","date_gmt":"2026-03-22T11:11:15","guid":{"rendered":"https:\/\/giaphucoffee.com\/?post_type=product&#038;p=9322"},"modified":"2026-03-22T20:06:39","modified_gmt":"2026-03-22T13:06:39","slug":"ca-phe-pha-may-db","status":"publish","type":"product","link":"https:\/\/giaphucoffee.com\/?product=ca-phe-pha-may-db","title":{"rendered":"C\u00e0 Ph\u00ea \u0110\u1eb7c Bi\u1ec7t &#8211; Pha Phin &#038; Pha M\u00e1y (D\u1ea1ng B\u1ed9t) &#8211; H\u1ed9p 500g"},"content":{"rendered":"<p data-start=\"133\" data-end=\"525\"><strong data-start=\"133\" data-end=\"154\">C\u00e0 ph\u00ea Gia Ph\u00fa lo\u1ea1i \u0111\u1eb7c bi\u1ec7t<\/strong>\u00a0l\u00e0 s\u1ef1 k\u1ebft tinh t\u1eeb nh\u1eefng h\u1ea1t c\u00e0 ph\u00ea ch\u00edn \u0111\u1ecf tuy\u1ec3n ch\u1ecdn k\u1ef9 l\u01b0\u1ee1ng t\u1ea1i v\u00f9ng \u0111\u1ea5t T\u00e2y Nguy\u00ean \u2013 n\u01a1i n\u1ed5i ti\u1ebfng v\u1edbi \u0111i\u1ec1u ki\u1ec7n th\u1ed5 nh\u01b0\u1ee1ng v\u00e0 kh\u00ed h\u1eadu l\u00fd t\u01b0\u1edfng t\u1ea1o n\u00ean h\u01b0\u01a1ng v\u1ecb c\u00e0 ph\u00ea \u0111\u1eadm \u0111\u00e0 \u0111\u1eb7c tr\u01b0ng. S\u1ef1 ph\u1ed1i tr\u1ed9n h\u00e0i h\u00f2a gi\u1eefa Robusta, Arabica v\u00e0 Cherry mang \u0111\u1ebfn m\u1ed9t t\u1ed5ng th\u1ec3 c\u00e2n b\u1eb1ng: v\u1ecb \u0111\u1eadm m\u1ea1nh, h\u1eadu ng\u1ecdt nh\u1eb9, h\u01b0\u01a1ng th\u01a1m lan t\u1ecfa l\u00e2u, ph\u00f9 h\u1ee3p v\u1edbi c\u1ea3 gu truy\u1ec1n th\u1ed1ng l\u1eabn hi\u1ec7n \u0111\u1ea1i.<\/p>\n<p data-start=\"527\" data-end=\"806\">T\u1eebng m\u1ebb c\u00e0 ph\u00ea \u0111\u01b0\u1ee3c rang xay c\u1ea9n th\u1eadn \u0111\u1ec3 gi\u1eef tr\u1ecdn tinh t\u00fay t\u1ef1 nhi\u00ean, kh\u00f4ng pha t\u1ea1p, kh\u00f4ng ph\u1ee5 gia, \u0111\u1ea3m b\u1ea3o ch\u1ea5t l\u01b0\u1ee3ng nguy\u00ean ch\u1ea5t \u0111\u00fang ngh\u0129a. Khi pha, c\u00e0 ph\u00ea cho m\u00e0u n\u01b0\u1edbc \u0111\u1eb9p, s\u00e1nh nh\u1eb9, h\u01b0\u01a1ng th\u01a1m quy\u1ebfn r\u0169 v\u00e0 v\u1ecb \u0111\u1eadm s\u00e2u, mang l\u1ea1i tr\u1ea3i nghi\u1ec7m th\u01b0\u1edfng th\u1ee9c tr\u1ecdn v\u1eb9n trong t\u1eebng ng\u1ee5m.<\/p>\n<p data-start=\"808\" data-end=\"1067\">S\u1ea3n ph\u1ea9m ph\u00f9 h\u1ee3p cho c\u1ea3 pha phin truy\u1ec1n th\u1ed1ng l\u1eabn pha m\u00e1y hi\u1ec7n \u0111\u1ea1i, \u0111\u00e1p \u1ee9ng nhu c\u1ea7u \u0111a d\u1ea1ng t\u1eeb th\u01b0\u1edfng th\u1ee9c t\u1ea1i nh\u00e0 \u0111\u1ebfn kinh doanh qu\u00e1n. Kh\u00f4ng ch\u1ec9 l\u00e0 m\u1ed9t ly c\u00e0 ph\u00ea, Gia Ph\u00fa c\u00f2n mang \u0111\u1ebfn c\u1ea3m gi\u00e1c th\u01b0 gi\u00e3n, t\u1ec9nh t\u00e1o v\u00e0 ngu\u1ed3n n\u0103ng l\u01b0\u1ee3ng t\u00edch c\u1ef1c cho m\u1ed7i ng\u00e0y m\u1edbi.<\/p>\n<p data-start=\"1069\" data-end=\"1113\" data-is-last-node=\"\" data-is-only-node=\"\"><strong data-start=\"1069\" data-end=\"1113\" data-is-last-node=\"\">Gia Ph\u00fa \u2013 H\u01b0\u01a1ng v\u1ecb \u0111\u1eadm \u0111\u00e0 t\u1eeb T\u00e2y Nguy\u00ean.<\/strong><\/p>\n","protected":false},"excerpt":{"rendered":"<p><strong data-start=\"1309\" data-end=\"1324\">Th\u00e0nh ph\u1ea7n:<\/strong> Robusta 60% \u2013 Arabica 20% \u2013 Cherry 20%<\/p>\n<p><strong>B\u1ea3o qu\u1ea3n:<\/strong> \u1ede n\u01a1i kh\u00f4 r\u00e1o, r\u00e1nh \u00e1nh n\u1eafng tr\u1ef1c ti\u1ebfp<\/p>\n<p><strong>H\u1ea1n s\u1eed d\u1ee5ng:<\/strong> 12 th\u00e1ng k\u1ec3 t\u1eeb ng\u00e0y s\u1ea3n xu\u1ea5t<\/p>\n<p><strong data-start=\"1368\" data-end=\"1384\">H\u1ea1n s\u1eed d\u1ee5ng:<\/strong> Xem tr\u00ean bao b\u00ec<\/p>\n<p><strong data-start=\"1405\" data-end=\"1423\">S\u1ed1 t\u1ef1 c\u00f4ng b\u1ed1:<\/strong> 01\/GIAPHU\/2020<\/p>\n<p><strong data-start=\"1474\" data-end=\"1486\">Xu\u1ea5t x\u1ee9:<\/strong> Vi\u1ec7t Nam<\/p>\n","protected":false},"featured_media":9317,"comment_status":"open","ping_status":"closed","template":"","meta":[],"product_cat":[177,127],"product_tag":[192,181,190,191,186,193,194,183,185,184],"class_list":{"0":"post-9322","1":"product","2":"type-product","3":"status-publish","4":"has-post-thumbnail","6":"product_cat-ca-phe-bot","7":"product_cat-ca-phe-gia-phu","8":"product_tag-ca-phe-dac-biet","9":"product_tag-ca-phe-nguyen-chat","10":"product_tag-ca-phe-pha-may","11":"product_tag-ca-phe-pha-phin","12":"product_tag-ca-phe-tay-nguyen","13":"product_tag-dac-san-tay-nguyen","14":"product_tag-mac-ca-tay-nguyen","15":"product_tag-mac-ca-tu-nhien","16":"product_tag-macca","17":"product_tag-macca-tu-nhien","19":"first","20":"instock","21":"shipping-taxable","22":"purchasable","23":"product-type-simple"},"_links":{"self":[{"href":"https:\/\/giaphucoffee.com\/index.php?rest_route=\/wp\/v2\/product\/9322","targetHints":{"allow":["GET"]}}],"collection":[{"href":"https:\/\/giaphucoffee.com\/index.php?rest_route=\/wp\/v2\/product"}],"about":[{"href":"https:\/\/giaphucoffee.com\/index.php?rest_route=\/wp\/v2\/types\/product"}],"replies":[{"embeddable":true,"href":"https:\/\/giaphucoffee.com\/index.php?rest_route=%2Fwp%2Fv2%2Fcomments&post=9322"}],"version-history":[{"count":5,"href":"https:\/\/giaphucoffee.com\/index.php?rest_route=\/wp\/v2\/product\/9322\/revisions"}],"predecessor-version":[{"id":9344,"href":"https:\/\/giaphucoffee.com\/index.php?rest_route=\/wp\/v2\/product\/9322\/revisions\/9344"}],"wp:featuredmedia":[{"embeddable":true,"href":"https:\/\/giaphucoffee.com\/index.php?rest_route=\/wp\/v2\/media\/9317"}],"wp:attachment":[{"href":"https:\/\/giaphucoffee.com\/index.php?rest_route=%2Fwp%2Fv2%2Fmedia&parent=9322"}],"wp:term":[{"taxonomy":"product_cat","embeddable":true,"href":"https:\/\/giaphucoffee.com\/index.php?rest_route=%2Fwp%2Fv2%2Fproduct_cat&post=9322"},{"taxonomy":"product_tag","embeddable":true,"href":"https:\/\/giaphucoffee.com\/index.php?rest_route=%2Fwp%2Fv2%2Fproduct_tag&post=9322"}],"curies":[{"name":"wp","href":"https:\/\/api.w.org\/{rel}","templated":true}]}}