{"id":9305,"date":"2026-03-22T18:01:00","date_gmt":"2026-03-22T11:01:00","guid":{"rendered":"https:\/\/giaphucoffee.com\/?post_type=product&#038;p=9305"},"modified":"2026-03-22T19:25:17","modified_gmt":"2026-03-22T12:25:17","slug":"ca-phe-tron","status":"publish","type":"product","link":"https:\/\/giaphucoffee.com\/?product=ca-phe-tron","title":{"rendered":"C\u00e0 Ph\u00ea Tr\u1ed9n &#8211; Pha Phin (D\u1ea1ng B\u1ed9t) &#8211; T\u00fai 500g"},"content":{"rendered":"<p data-start=\"238\" data-end=\"600\"><strong data-start=\"238\" data-end=\"265\">C\u00e0 ph\u00ea tr\u1ed9n Gia Ph\u00fa<\/strong> l\u00e0 d\u00f2ng c\u00e0 ph\u00ea \u0111\u01b0\u1ee3c ph\u1ed1i tr\u1ed9n theo c\u00f4ng th\u1ee9c ri\u00eang, mang \u0111\u1eadm phong c\u00e1ch th\u01b0\u1edfng th\u1ee9c c\u00e0 ph\u00ea Vi\u1ec7t Nam. Th\u00e0nh ph\u1ea7n g\u1ed3m 94,2% c\u00e0 ph\u00ea (Robusta 74,2% cho v\u1ecb \u0111\u1eadm m\u1ea1nh, Arabica 20% cho h\u01b0\u01a1ng th\u01a1m thanh) k\u1ebft h\u1ee3p c\u00f9ng m\u1ed9t t\u1ef7 l\u1ec7 nh\u1ecf \u0111\u1eadu n\u00e0nh, b\u01a1 v\u00e0 h\u01b0\u01a1ng c\u00e0 ph\u00ea t\u1ef1 nhi\u00ean, t\u1ea1o n\u00ean ly c\u00e0 ph\u00ea c\u00f3 \u0111\u1ed9 s\u00e1nh, h\u01b0\u01a1ng th\u01a1m quy\u1ebfn r\u0169 v\u00e0 v\u1ecb \u0111\u1eadm \u0111\u00e0 \u0111\u1eb7c tr\u01b0ng.<\/p>\n<p data-start=\"602\" data-end=\"891\">Nh\u1edd quy tr\u00ecnh rang xay \u0111\u01b0\u1ee3c ki\u1ec3m so\u00e1t k\u1ef9 l\u01b0\u1ee1ng, s\u1ea3n ph\u1ea9m gi\u1eef \u0111\u01b0\u1ee3c m\u00f9i th\u01a1m h\u1ea5p d\u1eabn, n\u01b0\u1edbc c\u00e0 ph\u00ea khi pha c\u00f3 m\u00e0u n\u00e2u \u0111\u1eadm \u0111\u1eb9p m\u1eaft, v\u1ecb \u0111\u1eadm r\u00f5, d\u1ec5 u\u1ed1ng v\u00e0 ph\u00f9 h\u1ee3p v\u1edbi kh\u1ea9u v\u1ecb quen thu\u1ed9c c\u1ee7a ng\u01b0\u1eddi Vi\u1ec7t. \u0110\u00e2y l\u00e0 l\u1ef1a ch\u1ecdn l\u00fd t\u01b0\u1edfng cho nh\u1eefng ai y\u00eau th\u00edch c\u00e0 ph\u00ea \u0111\u1eadm, c\u00f3 \u0111\u1ed9 b\u00e9o nh\u1eb9 v\u00e0 h\u1eadu v\u1ecb k\u00e9o d\u00e0i.<\/p>\n<p data-start=\"893\" data-end=\"1157\">S\u1ea3n ph\u1ea9m ph\u00f9 h\u1ee3p cho c\u1ea3 pha phin truy\u1ec1n th\u1ed1ng v\u00e0 pha m\u00e1y, \u0111\u00e1p \u1ee9ng t\u1ed1t nhu c\u1ea7u s\u1eed d\u1ee5ng t\u1ea1i gia \u0111\u00ecnh, v\u0103n ph\u00f2ng ho\u1eb7c qu\u00e1n c\u00e0 ph\u00ea. Ch\u1ec9 v\u1edbi v\u00e0i b\u01b0\u1edbc pha \u0111\u01a1n gi\u1ea3n, b\u1ea1n \u0111\u00e3 c\u00f3 th\u1ec3 th\u01b0\u1edfng th\u1ee9c m\u1ed9t ly c\u00e0 ph\u00ea th\u01a1m ngon, \u0111\u1eadm v\u1ecb, gi\u00fap t\u1ec9nh t\u00e1o v\u00e0 tr\u00e0n \u0111\u1ea7y n\u0103ng l\u01b0\u1ee3ng m\u1ed7i ng\u00e0y.<\/p>\n<p data-start=\"1159\" data-end=\"1218\"><strong data-start=\"1159\" data-end=\"1216\">Gia Ph\u00fa \u2013 \u0110\u1eadm v\u1ecb quen, th\u01a1m l\u00e2u, chu\u1ea9n gu ng\u01b0\u1eddi Vi\u1ec7t.<\/strong> \u2615<\/p>\n","protected":false},"excerpt":{"rendered":"<p><strong data-start=\"78\" data-end=\"93\">Th\u00e0nh ph\u1ea7n: <\/strong>C\u00e0 ph\u00ea 94,2% (Robusta 74,2% \u2013 Arabica 20%), \u0110\u1eadu n\u00e0nh, B\u01a1, Mu\u1ed1i, H\u01b0\u01a1ng c\u00e0 ph\u00ea t\u1ef1 nhi\u00ean.<\/p>\n<p><strong data-start=\"211\" data-end=\"229\">D\u1ea1ng s\u1ea3n ph\u1ea9m:<\/strong> C\u00e0 ph\u00ea b\u1ed9t rang xay<\/p>\n<p><strong data-start=\"254\" data-end=\"264\">\u0110\u1ed9 \u1ea9m:<\/strong> \u2264 5%<\/p>\n<p><strong data-start=\"274\" data-end=\"297\">H\u00e0m l\u01b0\u1ee3ng caffeine:<\/strong> \u0110\u1eb7c tr\u01b0ng theo th\u00e0nh ph\u1ea7n c\u00e0 ph\u00ea<\/p>\n<p><strong data-start=\"335\" data-end=\"355\">Kh\u1ed1i l\u01b0\u1ee3ng t\u1ecbnh:<\/strong> (tu\u1ef3 quy c\u00e1ch: 500g \/ 1Kg)<\/p>\n<p><strong data-start=\"387\" data-end=\"403\">H\u1ea1n s\u1eed d\u1ee5ng:<\/strong> 12 th\u00e1ng k\u1ec3 t\u1eeb ng\u00e0y s\u1ea3n xu\u1ea5t<\/p>\n<p><strong data-start=\"482\" data-end=\"500\">S\u1ed1 t\u1ef1 c\u00f4ng b\u1ed1:<\/strong> 03\/GIAPHU\/2025<\/p>\n<p><strong data-start=\"520\" data-end=\"532\">Xu\u1ea5t x\u1ee9:<\/strong> Gia Lai, Vi\u1ec7t Nam<\/p>\n","protected":false},"featured_media":9302,"comment_status":"open","ping_status":"closed","template":"","meta":[],"product_cat":[177],"product_tag":[192,181,190,191,186,193,194,183,185,184],"class_list":{"0":"post-9305","1":"product","2":"type-product","3":"status-publish","4":"has-post-thumbnail","6":"product_cat-ca-phe-bot","7":"product_tag-ca-phe-dac-biet","8":"product_tag-ca-phe-nguyen-chat","9":"product_tag-ca-phe-pha-may","10":"product_tag-ca-phe-pha-phin","11":"product_tag-ca-phe-tay-nguyen","12":"product_tag-dac-san-tay-nguyen","13":"product_tag-mac-ca-tay-nguyen","14":"product_tag-mac-ca-tu-nhien","15":"product_tag-macca","16":"product_tag-macca-tu-nhien","18":"first","19":"instock","20":"shipping-taxable","21":"purchasable","22":"product-type-simple"},"_links":{"self":[{"href":"https:\/\/giaphucoffee.com\/index.php?rest_route=\/wp\/v2\/product\/9305","targetHints":{"allow":["GET"]}}],"collection":[{"href":"https:\/\/giaphucoffee.com\/index.php?rest_route=\/wp\/v2\/product"}],"about":[{"href":"https:\/\/giaphucoffee.com\/index.php?rest_route=\/wp\/v2\/types\/product"}],"replies":[{"embeddable":true,"href":"https:\/\/giaphucoffee.com\/index.php?rest_route=%2Fwp%2Fv2%2Fcomments&post=9305"}],"version-history":[{"count":4,"href":"https:\/\/giaphucoffee.com\/index.php?rest_route=\/wp\/v2\/product\/9305\/revisions"}],"predecessor-version":[{"id":9343,"href":"https:\/\/giaphucoffee.com\/index.php?rest_route=\/wp\/v2\/product\/9305\/revisions\/9343"}],"wp:featuredmedia":[{"embeddable":true,"href":"https:\/\/giaphucoffee.com\/index.php?rest_route=\/wp\/v2\/media\/9302"}],"wp:attachment":[{"href":"https:\/\/giaphucoffee.com\/index.php?rest_route=%2Fwp%2Fv2%2Fmedia&parent=9305"}],"wp:term":[{"taxonomy":"product_cat","embeddable":true,"href":"https:\/\/giaphucoffee.com\/index.php?rest_route=%2Fwp%2Fv2%2Fproduct_cat&post=9305"},{"taxonomy":"product_tag","embeddable":true,"href":"https:\/\/giaphucoffee.com\/index.php?rest_route=%2Fwp%2Fv2%2Fproduct_tag&post=9305"}],"curies":[{"name":"wp","href":"https:\/\/api.w.org\/{rel}","templated":true}]}}