{"id":9199,"date":"2022-12-05T08:14:21","date_gmt":"2022-12-05T01:14:21","guid":{"rendered":"https:\/\/giaphucoffee.com\/?post_type=product&#038;p=9199"},"modified":"2026-03-22T20:05:25","modified_gmt":"2026-03-22T13:05:25","slug":"mac-ca-gia-phu","status":"publish","type":"product","link":"https:\/\/giaphucoffee.com\/?product=mac-ca-gia-phu","title":{"rendered":"H\u1ea1t Macca S\u1ea5y N\u1ee9t Cao C\u1ea5p &#8211; H\u1ed9p 500g"},"content":{"rendered":"<p data-start=\"140\" data-end=\"206\"><strong data-start=\"140\" data-end=\"206\">H\u1ea1t Macca S\u1ea5y N\u1ee9t T\u1ef1 Nhi\u00ean \u2013 Gi\u00e0u Dinh D\u01b0\u1ee1ng, T\u1ed1t Cho S\u1ee9c Kh\u1ecfe<\/strong><\/p>\n<p data-start=\"208\" data-end=\"499\">H\u1ea1t macca 100% t\u1ef1 nhi\u00ean, gi\u00e0u \u0111\u1ea1m th\u1ef1c v\u1eadt, Omega 3,6,9 c\u00f9ng h\u01a1n 20 lo\u1ea1i vitamin v\u00e0 kho\u00e1ng ch\u1ea5t thi\u1ebft y\u1ebfu, gi\u00fap b\u1ed5 sung n\u0103ng l\u01b0\u1ee3ng, l\u00e0m \u0111\u1eb9p da v\u00e0 h\u1ed7 tr\u1ee3 s\u1ee9c kh\u1ecfe tim m\u1ea1ch. S\u1ea3n ph\u1ea9m \u0111\u1eb7c bi\u1ec7t ph\u00f9 h\u1ee3p cho b\u00e0 b\u1ea7u, ph\u1ee5 n\u1eef sau sinh, tr\u1ebb em \u0111ang ph\u00e1t tri\u1ec3n v\u00e0 ng\u01b0\u1eddi c\u1ea7n ch\u0103m s\u00f3c s\u1ee9c kh\u1ecfe to\u00e0n di\u1ec7n.<\/p>\n<p data-start=\"501\" data-end=\"704\">H\u1ea1t macca c\u00f3 v\u1ecb b\u00e9o b\u00f9i, th\u01a1m ngon t\u1ef1 nhi\u00ean, d\u1ec5 s\u1eed d\u1ee5ng m\u1ed7i ng\u00e0y. Ch\u1ec9 c\u1ea7n \u0103n 4\u20135 h\u1ea1t v\u00e0o bu\u1ed5i s\u00e1ng v\u00e0 chi\u1ec1u gi\u00fap t\u0103ng c\u01b0\u1eddng s\u1ee9c kh\u1ecfe, h\u1ed7 tr\u1ee3 l\u01b0u th\u00f4ng m\u00e1u, gi\u1ea3m cholesterol v\u00e0 l\u00e0m ch\u1eadm qu\u00e1 tr\u00ecnh l\u00e3o h\u00f3a.<\/p>\n<p data-start=\"706\" data-end=\"887\">Th\u00e0nh ph\u1ea7n 100% h\u1ea1t macca s\u1ea5y n\u1ee9t, kh\u00f4ng ch\u1ea5t b\u1ea3o qu\u1ea3n, \u0111\u1ea3m b\u1ea3o an to\u00e0n cho ng\u01b0\u1eddi s\u1eed d\u1ee5ng. S\u1ea3n ph\u1ea9m \u0111\u01b0\u1ee3c \u0111\u00f3ng g\u00f3i ti\u1ec7n l\u1ee3i, c\u00f3 k\u00e8m d\u1ee5ng c\u1ee5 t\u00e1ch h\u1ea1t, d\u1ec5 d\u00e0ng s\u1eed d\u1ee5ng m\u1ecdi l\u00fac m\u1ecdi n\u01a1i.<\/p>\n<p data-start=\"889\" data-end=\"1039\">Ph\u00f9 h\u1ee3p v\u1edbi nhi\u1ec1u \u0111\u1ed1i t\u01b0\u1ee3ng nh\u01b0 ph\u1ee5 n\u1eef mang thai, ng\u01b0\u1eddi cho con b\u00fa, tr\u1ebb em, ng\u01b0\u1eddi b\u1ecb tim m\u1ea1ch, ti\u1ec3u \u0111\u01b0\u1eddng, ng\u01b0\u1eddi \u0103n ki\u00eang ho\u1eb7c c\u1ea7n ki\u1ec3m so\u00e1t c\u00e2n n\u1eb7ng.<\/p>\n<p data-start=\"1041\" data-end=\"1201\">B\u1ea3o qu\u1ea3n n\u01a1i kh\u00f4 r\u00e1o, tho\u00e1ng m\u00e1t, tr\u00e1nh kh\u00f4ng kh\u00ed \u1ea9m v\u00e0 n\u00ean \u0111\u00f3ng k\u00edn sau khi s\u1eed d\u1ee5ng; t\u1ed1t nh\u1ea5t b\u1ea3o qu\u1ea3n trong ng\u0103n m\u00e1t t\u1ee7 l\u1ea1nh \u0111\u1ec3 gi\u1eef \u0111\u1ed9 gi\u00f2n v\u00e0 ch\u1ea5t l\u01b0\u1ee3ng h\u1ea1t.<\/p>\n<p data-start=\"1203\" data-end=\"1260\">Xu\u1ea5t x\u1ee9: Gia Lai<br data-start=\"1219\" data-end=\"1222\" \/>Hotline: 0905 038 459 \u2013 0971 059 649<\/p>\n","protected":false},"excerpt":{"rendered":"<p><strong data-start=\"169\" data-end=\"186\">T\u00ean s\u1ea3n ph\u1ea9m:<\/strong> H\u1ea1t Macadamia s\u1ea5y n\u1ee9t<\/p>\n<p><strong data-start=\"213\" data-end=\"228\">Th\u00e0nh ph\u1ea7n:<\/strong> 100% h\u1ea1t macadamia t\u1ef1 nhi\u00ean<\/p>\n<p><strong data-start=\"261\" data-end=\"271\">Kh\u1ed1i l\u01b0\u1ee3ng:<\/strong> 500g<\/p>\n<p><strong data-start=\"290\" data-end=\"312\">H\u00e0m l\u01b0\u1ee3ng protein:<\/strong> 20 \u2013 30g \/ 100g<\/p>\n<p><strong data-start=\"333\" data-end=\"346\">Quy c\u00e1ch:<\/strong> H\u1ea1t s\u1ea5y n\u1ee9t v\u1ecf, k\u00e8m d\u1ee5ng c\u1ee5 t\u00e1ch<\/p>\n<p><strong data-start=\"384\" data-end=\"397\">B\u1ea3o qu\u1ea3n:<\/strong> Nhi\u1ec7t \u0111\u1ed9 t\u1eeb 10\u00b0C \u2013 30\u00b0C, n\u01a1i kh\u00f4 r\u00e1o, tho\u00e1ng m\u00e1t<\/p>\n<p><strong data-start=\"157\" data-end=\"169\">\u0110\u1ecba ch\u1ec9:<\/strong> 320 Nguy\u1ec5n Hu\u1ec7, Th\u1ecb tr\u1ea5n \u0110ak \u0110oa, Huy\u1ec7n \u0110ak \u0110oa, T\u1ec9nh Gia Lai<\/p>\n<p><strong data-start=\"236\" data-end=\"251\">\u0110i\u1ec7n tho\u1ea1i:<\/strong> 0905 038 459 \u2013 0905 644 336<\/p>\n","protected":false},"featured_media":9271,"comment_status":"open","ping_status":"closed","template":"","meta":[],"product_cat":[178],"product_tag":[179,181,186,182,180,183,185,184],"class_list":{"0":"post-9199","1":"product","2":"type-product","3":"status-publish","4":"has-post-thumbnail","6":"product_cat-mac-ca","7":"product_tag-ca-phe-bot","8":"product_tag-ca-phe-nguyen-chat","9":"product_tag-ca-phe-tay-nguyen","10":"product_tag-ca-phe-tu-nhien","11":"product_tag-mac-ca","12":"product_tag-mac-ca-tu-nhien","13":"product_tag-macca","14":"product_tag-macca-tu-nhien","16":"first","17":"instock","18":"shipping-taxable","19":"purchasable","20":"product-type-simple"},"_links":{"self":[{"href":"https:\/\/giaphucoffee.com\/index.php?rest_route=\/wp\/v2\/product\/9199","targetHints":{"allow":["GET"]}}],"collection":[{"href":"https:\/\/giaphucoffee.com\/index.php?rest_route=\/wp\/v2\/product"}],"about":[{"href":"https:\/\/giaphucoffee.com\/index.php?rest_route=\/wp\/v2\/types\/product"}],"replies":[{"embeddable":true,"href":"https:\/\/giaphucoffee.com\/index.php?rest_route=%2Fwp%2Fv2%2Fcomments&post=9199"}],"version-history":[{"count":4,"href":"https:\/\/giaphucoffee.com\/index.php?rest_route=\/wp\/v2\/product\/9199\/revisions"}],"predecessor-version":[{"id":9231,"href":"https:\/\/giaphucoffee.com\/index.php?rest_route=\/wp\/v2\/product\/9199\/revisions\/9231"}],"wp:featuredmedia":[{"embeddable":true,"href":"https:\/\/giaphucoffee.com\/index.php?rest_route=\/wp\/v2\/media\/9271"}],"wp:attachment":[{"href":"https:\/\/giaphucoffee.com\/index.php?rest_route=%2Fwp%2Fv2%2Fmedia&parent=9199"}],"wp:term":[{"taxonomy":"product_cat","embeddable":true,"href":"https:\/\/giaphucoffee.com\/index.php?rest_route=%2Fwp%2Fv2%2Fproduct_cat&post=9199"},{"taxonomy":"product_tag","embeddable":true,"href":"https:\/\/giaphucoffee.com\/index.php?rest_route=%2Fwp%2Fv2%2Fproduct_tag&post=9199"}],"curies":[{"name":"wp","href":"https:\/\/api.w.org\/{rel}","templated":true}]}}