{"id":9178,"date":"2022-11-22T15:04:13","date_gmt":"2022-11-22T08:04:13","guid":{"rendered":"https:\/\/giaphucoffee.com\/?post_type=product&#038;p=9178"},"modified":"2026-03-22T18:34:29","modified_gmt":"2026-03-22T11:34:29","slug":"ca-phe-bot-gia-phu-2","status":"publish","type":"product","link":"https:\/\/giaphucoffee.com\/?product=ca-phe-bot-gia-phu-2","title":{"rendered":"H\u1ea1t M\u1eafc Ca Gia Ph\u00fa Premium &#8211; H\u1ed9p 500g"},"content":{"rendered":"<p data-start=\"104\" data-end=\"549\"><strong data-start=\"104\" data-end=\"126\">H\u1ea1t m\u1eafc ca Gia Ph\u00fa<\/strong> \u2013 tinh hoa \u0111\u1eb7c s\u1ea3n T\u00e2y Nguy\u00ean \u0111\u1ea1t chu\u1ea9n <strong data-start=\"167\" data-end=\"181\">OCOP 4 sao<\/strong>, \u0111\u01b0\u1ee3c tuy\u1ec3n ch\u1ecdn t\u1eeb nh\u1eefng h\u1ea1t macca ch\u1ea5t l\u01b0\u1ee3ng cao v\u00e0 ch\u1ebf bi\u1ebfn ho\u00e0n to\u00e0n t\u1ef1 nhi\u00ean, kh\u00f4ng ch\u1ea5t b\u1ea3o qu\u1ea3n. T\u1eebng h\u1ea1t mang v\u1ecb b\u00e9o b\u00f9i \u0111\u1eb7c tr\u01b0ng, th\u01a1m nh\u1eb9, gi\u1eef tr\u1ecdn gi\u00e1 tr\u1ecb dinh d\u01b0\u1ee1ng v\u1edbi h\u00e0m l\u01b0\u1ee3ng Omega 3,6,9 c\u00f9ng nhi\u1ec1u vitamin v\u00e0 kho\u00e1ng ch\u1ea5t thi\u1ebft y\u1ebfu, gi\u00fap nu\u00f4i d\u01b0\u1ee1ng c\u01a1 th\u1ec3 t\u1eeb b\u00ean trong, h\u1ed7 tr\u1ee3 tim m\u1ea1ch, c\u1ea3i thi\u1ec7n l\u00e0n da v\u00e0 b\u1ed5 sung ngu\u1ed3n n\u0103ng l\u01b0\u1ee3ng l\u00e0nh m\u1ea1nh m\u1ed7i ng\u00e0y.<\/p>\n<p data-start=\"551\" data-end=\"857\">S\u1ea3n ph\u1ea9m \u0111\u01b0\u1ee3c s\u1ea5y n\u1ee9t s\u1eb5n, \u0111i k\u00e8m d\u1ee5ng c\u1ee5 t\u00e1ch v\u1ecf ti\u1ec7n l\u1ee3i, gi\u00fap b\u1ea1n d\u1ec5 d\u00e0ng th\u01b0\u1edfng th\u1ee9c m\u1ecdi l\u00fac. Ch\u1ec9 c\u1ea7n t\u00e1ch v\u1ecf v\u00e0 d\u00f9ng tr\u1ef1c ti\u1ebfp l\u00e0 \u0111\u00e3 c\u00f3 ngay m\u00f3n \u0103n v\u1eeba ngon mi\u1ec7ng v\u1eeba t\u1ed1t cho s\u1ee9c kh\u1ecfe, ph\u00f9 h\u1ee3p cho ng\u01b0\u1eddi \u0103n ki\u00eang, ph\u1ee5 n\u1eef mang thai, tr\u1ebb em trong giai \u0111o\u1ea1n ph\u00e1t tri\u1ec3n v\u00e0 ng\u01b0\u1eddi l\u1edbn tu\u1ed5i c\u1ea7n b\u1ed3i b\u1ed5 c\u01a1 th\u1ec3.<\/p>\n<p data-start=\"859\" data-end=\"1060\">\u0110\u01b0\u1ee3c s\u1ea3n xu\u1ea5t t\u1ea1i Gia Lai \u2013 v\u00f9ng \u0111\u1ea5t n\u1ed5i ti\u1ebfng v\u1edbi n\u00f4ng s\u1ea3n ch\u1ea5t l\u01b0\u1ee3ng cao, <strong data-start=\"935\" data-end=\"953\">m\u1eafc ca Gia Ph\u00fa<\/strong> kh\u00f4ng ch\u1ec9 \u0111\u1ea3m b\u1ea3o ngu\u1ed3n g\u1ed1c r\u00f5 r\u00e0ng m\u00e0 c\u00f2n mang \u0111\u1ebfn s\u1ef1 an t\u00e2m tuy\u1ec7t \u0111\u1ed1i v\u1ec1 ch\u1ea5t l\u01b0\u1ee3ng trong t\u1eebng s\u1ea3n ph\u1ea9m.<\/p>\n","protected":false},"excerpt":{"rendered":"<p><strong data-start=\"81\" data-end=\"96\">Th\u00e0nh ph\u1ea7n:<\/strong> 100% h\u1ea1t m\u1eafc ca t\u1ef1 nhi\u00ean<\/p>\n<p><strong data-start=\"155\" data-end=\"177\">H\u00e0m l\u01b0\u1ee3ng protein:<\/strong> 20 \u2013 30g \/ 100g<\/p>\n<p><strong data-start=\"198\" data-end=\"211\">Quy c\u00e1ch:<\/strong> H\u1ea1t s\u1ea5y n\u1ee9t v\u1ecf, k\u00e8m d\u1ee5ng c\u1ee5 t\u00e1ch<\/p>\n<p><strong data-start=\"249\" data-end=\"269\">Kh\u1ed1i l\u01b0\u1ee3ng t\u1ecbnh:<\/strong> 500g<\/p>\n<p><strong data-start=\"279\" data-end=\"295\">H\u1ea1n s\u1eed d\u1ee5ng:<\/strong> 12 th\u00e1ng k\u1ec3 t\u1eeb ng\u00e0y s\u1ea3n xu\u1ea5t<\/p>\n<p><strong data-start=\"329\" data-end=\"341\">Xu\u1ea5t x\u1ee9:<\/strong> Vi\u1ec7t Nam<\/p>\n<p><strong data-start=\"355\" data-end=\"381\">Ti\u00eau chu\u1ea9n ch\u1ea5t l\u01b0\u1ee3ng:<\/strong> TCCS 02:2022\/HKDGIAPHU<\/p>\n<p><strong data-start=\"409\" data-end=\"424\">S\u1ed1 c\u00f4ng b\u1ed1:<\/strong> 02\/HKDGIAPHU\/2022<\/p>\n<p><strong data-start=\"447\" data-end=\"460\">B\u1ea3o qu\u1ea3n:<\/strong> Nhi\u1ec7t \u0111\u1ed9 10\u00b0C \u2013 30\u00b0C, n\u01a1i kh\u00f4 r\u00e1o, tho\u00e1ng m\u00e1t<\/p>\n<p><strong data-start=\"511\" data-end=\"522\">Bao b\u00ec:<\/strong> T\u00fai zip ti\u1ec7n l\u1ee3i, d\u1ec5 b\u1ea3o qu\u1ea3n sau khi m\u1edf<\/p>\n","protected":false},"featured_media":9249,"comment_status":"open","ping_status":"closed","template":"","meta":[],"product_cat":[178],"product_tag":[179,189,180,183,185,184],"class_list":{"0":"post-9178","1":"product","2":"type-product","3":"status-publish","4":"has-post-thumbnail","6":"product_cat-mac-ca","7":"product_tag-ca-phe-bot","8":"product_tag-ca-phe-gia-phu","9":"product_tag-mac-ca","10":"product_tag-mac-ca-tu-nhien","11":"product_tag-macca","12":"product_tag-macca-tu-nhien","14":"first","15":"instock","16":"shipping-taxable","17":"purchasable","18":"product-type-simple"},"_links":{"self":[{"href":"https:\/\/giaphucoffee.com\/index.php?rest_route=\/wp\/v2\/product\/9178","targetHints":{"allow":["GET"]}}],"collection":[{"href":"https:\/\/giaphucoffee.com\/index.php?rest_route=\/wp\/v2\/product"}],"about":[{"href":"https:\/\/giaphucoffee.com\/index.php?rest_route=\/wp\/v2\/types\/product"}],"replies":[{"embeddable":true,"href":"https:\/\/giaphucoffee.com\/index.php?rest_route=%2Fwp%2Fv2%2Fcomments&post=9178"}],"version-history":[{"count":6,"href":"https:\/\/giaphucoffee.com\/index.php?rest_route=\/wp\/v2\/product\/9178\/revisions"}],"predecessor-version":[{"id":9325,"href":"https:\/\/giaphucoffee.com\/index.php?rest_route=\/wp\/v2\/product\/9178\/revisions\/9325"}],"wp:featuredmedia":[{"embeddable":true,"href":"https:\/\/giaphucoffee.com\/index.php?rest_route=\/wp\/v2\/media\/9249"}],"wp:attachment":[{"href":"https:\/\/giaphucoffee.com\/index.php?rest_route=%2Fwp%2Fv2%2Fmedia&parent=9178"}],"wp:term":[{"taxonomy":"product_cat","embeddable":true,"href":"https:\/\/giaphucoffee.com\/index.php?rest_route=%2Fwp%2Fv2%2Fproduct_cat&post=9178"},{"taxonomy":"product_tag","embeddable":true,"href":"https:\/\/giaphucoffee.com\/index.php?rest_route=%2Fwp%2Fv2%2Fproduct_tag&post=9178"}],"curies":[{"name":"wp","href":"https:\/\/api.w.org\/{rel}","templated":true}]}}