{"id":9175,"date":"2022-11-22T15:03:00","date_gmt":"2022-11-22T08:03:00","guid":{"rendered":"https:\/\/giaphucoffee.com\/?post_type=product&#038;p=9175"},"modified":"2026-03-22T19:16:34","modified_gmt":"2026-03-22T12:16:34","slug":"ca-phe-bot-gia-phu-cao-cap","status":"publish","type":"product","link":"https:\/\/giaphucoffee.com\/?product=ca-phe-bot-gia-phu-cao-cap","title":{"rendered":"C\u00e0 Ph\u00ea Nguy\u00ean Ch\u1ea5t &#8211; Pha Phin (D\u1ea1ng B\u1ed9t) &#8211; T\u00fai 500g"},"content":{"rendered":"<div class=\"flex flex-col text-sm pb-25\">\n<section class=\"text-token-text-primary w-full focus:outline-none [--shadow-height:45px] has-data-writing-block:pointer-events-none has-data-writing-block:-mt-(--shadow-height) has-data-writing-block:pt-(--shadow-height) [&amp;:has([data-writing-block])&gt;*]:pointer-events-auto scroll-mt-[calc(var(--header-height)+min(200px,max(70px,20svh)))]\" dir=\"auto\" data-turn-id=\"request-69b5b84f-28f8-8321-b451-109abaabc313-19\" data-testid=\"conversation-turn-50\" data-scroll-anchor=\"true\" data-turn=\"assistant\">\n<div class=\"text-base my-auto mx-auto pb-10 [--thread-content-margin:var(--thread-content-margin-xs,calc(var(--spacing)*4))] @w-sm\/main:[--thread-content-margin:var(--thread-content-margin-sm,calc(var(--spacing)*6))] @w-lg\/main:[--thread-content-margin:var(--thread-content-margin-lg,calc(var(--spacing)*16))] px-(--thread-content-margin)\">\n<div class=\"[--thread-content-max-width:40rem] @w-lg\/main:[--thread-content-max-width:48rem] mx-auto max-w-(--thread-content-max-width) flex-1 group\/turn-messages focus-visible:outline-hidden relative flex w-full min-w-0 flex-col agent-turn\">\n<div class=\"flex max-w-full flex-col gap-4 grow\">\n<div class=\"min-h-8 text-message relative flex w-full flex-col items-end gap-2 text-start break-words whitespace-normal outline-none keyboard-focused:focus-ring [.text-message+&amp;]:mt-1\" dir=\"auto\" tabindex=\"0\" data-message-author-role=\"assistant\" data-message-id=\"30eb4888-207b-4e60-b2f4-08601f011c2a\" data-message-model-slug=\"gpt-5-3\" data-turn-start-message=\"true\">\n<div class=\"flex w-full flex-col gap-1 empty:hidden\">\n<div class=\"markdown prose dark:prose-invert w-full wrap-break-word dark markdown-new-styling\">\n<p data-start=\"268\" data-end=\"614\"><strong data-start=\"268\" data-end=\"279\">Gia Ph\u00fa<\/strong> mang \u0111\u1ebfn d\u00f2ng c\u00e0 ph\u00ea nguy\u00ean ch\u1ea5t \u0111\u01b0\u1ee3c tuy\u1ec3n ch\u1ecdn t\u1eeb nh\u1eefng h\u1ea1t c\u00e0 ph\u00ea ch\u00edn \u0111\u1ecf t\u1ea1i T\u00e2y Nguy\u00ean \u2013 n\u01a1i t\u1ea1o n\u00ean h\u01b0\u01a1ng v\u1ecb \u0111\u1eadm \u0111\u00e0 \u0111\u1eb7c tr\u01b0ng c\u1ee7a c\u00e0 ph\u00ea Vi\u1ec7t. V\u1edbi t\u1ef7 l\u1ec7 ph\u1ed1i tr\u1ed9n c\u00e2n b\u1eb1ng gi\u1eefa Robusta (60%) m\u1ea1nh m\u1ebd, Arabica (20%) thanh nh\u1eb9 v\u00e0 Cherry (20%) d\u1ecbu ng\u1ecdt, s\u1ea3n ph\u1ea9m t\u1ea1o n\u00ean m\u1ed9t t\u1ed5ng th\u1ec3 h\u00e0i h\u00f2a: \u0111\u1eadm v\u1ecb, th\u01a1m l\u00e2u v\u00e0 h\u1eadu v\u1ecb \u00eam, d\u1ec5 ch\u1ecbu.<\/p>\n<p data-start=\"616\" data-end=\"988\">C\u00e0 ph\u00ea \u0111\u01b0\u1ee3c rang xay k\u1ef9 l\u01b0\u1ee1ng theo quy tr\u00ecnh ki\u1ec3m so\u00e1t ch\u1ea5t l\u01b0\u1ee3ng nghi\u00eam ng\u1eb7t, gi\u1eef tr\u1ecdn h\u01b0\u01a1ng th\u01a1m t\u1ef1 nhi\u00ean, kh\u00f4ng pha t\u1ea1p, \u0111\u1ea3m b\u1ea3o \u0111\u00fang chu\u1ea9n c\u00e0 ph\u00ea nguy\u00ean ch\u1ea5t. Khi pha phin, c\u00e0 ph\u00ea n\u1edf \u0111\u1ec1u, ch\u1ea3y ch\u1eadm, cho m\u00e0u n\u01b0\u1edbc n\u00e2u c\u00e1nh gi\u00e1n \u0111\u1eb9p m\u1eaft, v\u1ecb \u0111\u1eadm r\u00f5, ph\u00f9 h\u1ee3p v\u1edbi gu truy\u1ec1n th\u1ed1ng. Khi pha m\u00e1y, c\u00e0 ph\u00ea v\u1eabn gi\u1eef \u0111\u01b0\u1ee3c h\u01b0\u01a1ng th\u01a1m \u1ed5n \u0111\u1ecbnh, mang \u0111\u1ebfn tr\u1ea3i nghi\u1ec7m hi\u1ec7n \u0111\u1ea1i, ti\u1ec7n l\u1ee3i.<\/p>\n<p data-start=\"990\" data-end=\"1182\">Ch\u1ec9 v\u1edbi v\u00e0i b\u01b0\u1edbc pha \u0111\u01a1n gi\u1ea3n, b\u1ea1n \u0111\u00e3 c\u00f3 th\u1ec3 th\u01b0\u1edfng th\u1ee9c m\u1ed9t ly c\u00e0 ph\u00ea chu\u1ea9n v\u1ecb: \u0111\u1eadm \u0111\u00e0, th\u01a1m s\u00e2u v\u00e0 \u0111\u1ea7y n\u0103ng l\u01b0\u1ee3ng. Ph\u00f9 h\u1ee3p cho s\u1eed d\u1ee5ng h\u1eb1ng ng\u00e0y t\u1ea1i gia \u0111\u00ecnh, v\u0103n ph\u00f2ng ho\u1eb7c kinh doanh qu\u00e1n.<\/p>\n<p data-start=\"1184\" data-end=\"1257\" data-is-last-node=\"\" data-is-only-node=\"\"><strong data-start=\"1184\" data-end=\"1255\">Gia Ph\u00fa \u2013 C\u00e0 ph\u00ea nguy\u00ean ch\u1ea5t, \u0111\u1eadm v\u1ecb th\u1eadt, chu\u1ea9n gu m\u1ecdi phong c\u00e1ch.<\/strong> \u2615<\/p>\n<\/div>\n<\/div>\n<\/div>\n<\/div>\n<\/div>\n<\/div>\n<\/section>\n<\/div>\n","protected":false},"excerpt":{"rendered":"<p><strong data-start=\"102\" data-end=\"117\">Th\u00e0nh ph\u1ea7n:<\/strong> Robusta 60% \u2013 Arabica 20% \u2013 Cherry 20%<\/p>\n<p><strong data-start=\"161\" data-end=\"179\">D\u1ea1ng s\u1ea3n ph\u1ea9m:<\/strong> C\u00e0 ph\u00ea b\u1ed9t rang xay nguy\u00ean ch\u1ea5t<\/p>\n<p><strong data-start=\"216\" data-end=\"226\">\u0110\u1ed9 \u1ea9m:<\/strong> \u2264 5%<\/p>\n<p><strong data-start=\"236\" data-end=\"259\">H\u00e0m l\u01b0\u1ee3ng caffeine:<\/strong> \u2265 1% (\u0111\u1eb7c tr\u01b0ng c\u00e0 ph\u00ea rang xay)<\/p>\n<p><strong data-start=\"297\" data-end=\"317\">Kh\u1ed1i l\u01b0\u1ee3ng t\u1ecbnh:<\/strong> 500g<\/p>\n<p><strong data-start=\"349\" data-end=\"371\">H\u1ea1n s\u1eed d\u1ee5ng (HSD):<\/strong> 12 th\u00e1ng k\u1ec3 t\u1eeb ng\u00e0y s\u1ea3n xu\u1ea5t<\/p>\n<p><strong data-start=\"437\" data-end=\"455\">S\u1ed1 t\u1ef1 c\u00f4ng b\u1ed1:<\/strong> 01\/GIAPHU\/2025<\/p>\n<p><strong data-start=\"475\" data-end=\"487\">Xu\u1ea5t x\u1ee9:<\/strong> Vi\u1ec7t Nam<\/p>\n","protected":false},"featured_media":9290,"comment_status":"open","ping_status":"closed","template":"","meta":[],"product_cat":[177],"product_tag":[192,181,190,191,186,193,194,183,185,184],"class_list":{"0":"post-9175","1":"product","2":"type-product","3":"status-publish","4":"has-post-thumbnail","6":"product_cat-ca-phe-bot","7":"product_tag-ca-phe-dac-biet","8":"product_tag-ca-phe-nguyen-chat","9":"product_tag-ca-phe-pha-may","10":"product_tag-ca-phe-pha-phin","11":"product_tag-ca-phe-tay-nguyen","12":"product_tag-dac-san-tay-nguyen","13":"product_tag-mac-ca-tay-nguyen","14":"product_tag-mac-ca-tu-nhien","15":"product_tag-macca","16":"product_tag-macca-tu-nhien","18":"first","19":"instock","20":"shipping-taxable","21":"purchasable","22":"product-type-simple"},"_links":{"self":[{"href":"https:\/\/giaphucoffee.com\/index.php?rest_route=\/wp\/v2\/product\/9175","targetHints":{"allow":["GET"]}}],"collection":[{"href":"https:\/\/giaphucoffee.com\/index.php?rest_route=\/wp\/v2\/product"}],"about":[{"href":"https:\/\/giaphucoffee.com\/index.php?rest_route=\/wp\/v2\/types\/product"}],"replies":[{"embeddable":true,"href":"https:\/\/giaphucoffee.com\/index.php?rest_route=%2Fwp%2Fv2%2Fcomments&post=9175"}],"version-history":[{"count":7,"href":"https:\/\/giaphucoffee.com\/index.php?rest_route=\/wp\/v2\/product\/9175\/revisions"}],"predecessor-version":[{"id":9333,"href":"https:\/\/giaphucoffee.com\/index.php?rest_route=\/wp\/v2\/product\/9175\/revisions\/9333"}],"wp:featuredmedia":[{"embeddable":true,"href":"https:\/\/giaphucoffee.com\/index.php?rest_route=\/wp\/v2\/media\/9290"}],"wp:attachment":[{"href":"https:\/\/giaphucoffee.com\/index.php?rest_route=%2Fwp%2Fv2%2Fmedia&parent=9175"}],"wp:term":[{"taxonomy":"product_cat","embeddable":true,"href":"https:\/\/giaphucoffee.com\/index.php?rest_route=%2Fwp%2Fv2%2Fproduct_cat&post=9175"},{"taxonomy":"product_tag","embeddable":true,"href":"https:\/\/giaphucoffee.com\/index.php?rest_route=%2Fwp%2Fv2%2Fproduct_tag&post=9175"}],"curies":[{"name":"wp","href":"https:\/\/api.w.org\/{rel}","templated":true}]}}