{"id":9104,"date":"2022-11-18T15:20:53","date_gmt":"2022-11-18T08:20:53","guid":{"rendered":"https:\/\/giaphucoffee.com\/?post_type=product&#038;p=9104"},"modified":"2026-03-26T15:48:36","modified_gmt":"2026-03-26T08:48:36","slug":"ca-phe-bot-gia-phu","status":"publish","type":"product","link":"https:\/\/giaphucoffee.com\/?product=ca-phe-bot-gia-phu","title":{"rendered":"C\u00e0 Ph\u00ea Pha M\u00e1y &#8211; T\u00fai 1000g\/1KG (D\u1ea1ng H\u1ea1t Rang)"},"content":{"rendered":"<p data-start=\"259\" data-end=\"636\"><strong data-start=\"259\" data-end=\"277\">C\u00e0 ph\u00ea Gia Ph\u00fa<\/strong> l\u00e0 d\u00f2ng c\u00e0 ph\u00ea nguy\u00ean ch\u1ea5t \u0111\u01b0\u1ee3c s\u1ea3n xu\u1ea5t t\u1eeb nh\u1eefng h\u1ea1t c\u00e0 ph\u00ea tuy\u1ec3n ch\u1ecdn k\u1ef9 l\u01b0\u1ee1ng t\u1ea1i v\u00f9ng \u0111\u1ea5t T\u00e2y Nguy\u00ean \u2013 n\u01a1i h\u1ed9i t\u1ee5 \u0111i\u1ec1u ki\u1ec7n l\u00fd t\u01b0\u1edfng t\u1ea1o n\u00ean h\u01b0\u01a1ng v\u1ecb c\u00e0 ph\u00ea \u0111\u1eadm \u0111\u00e0 \u0111\u1eb7c tr\u01b0ng. S\u1ef1 k\u1ebft h\u1ee3p h\u00e0i h\u00f2a gi\u1eefa Robusta m\u1ea1nh m\u1ebd, Arabica thanh nh\u1eb9 v\u00e0 Cherry d\u1ecbu ng\u1ecdt mang \u0111\u1ebfn m\u1ed9t t\u1ed5ng th\u1ec3 c\u00e2n b\u1eb1ng, v\u1eeba \u0111\u1eadm v\u1ecb, v\u1eeba th\u01a1m l\u00e2u, ph\u00f9 h\u1ee3p v\u1edbi nhi\u1ec1u gu th\u01b0\u1edfng th\u1ee9c kh\u00e1c nhau.<\/p>\n<p data-start=\"638\" data-end=\"969\">T\u1eebng m\u1ebb c\u00e0 ph\u00ea \u0111\u01b0\u1ee3c rang xay theo quy tr\u00ecnh ri\u00eang, \u0111\u1ea3m b\u1ea3o gi\u1eef tr\u1ecdn h\u01b0\u01a1ng th\u01a1m t\u1ef1 nhi\u00ean, kh\u00f4ng pha t\u1ea1p, kh\u00f4ng ch\u1ea5t ph\u1ee5 gia. Khi pha m\u00e1y, c\u00e0 ph\u00ea cho d\u00f2ng ch\u1ea3y \u0111\u1ec1u, m\u00e0u n\u00e2u c\u00e1nh gi\u00e1n \u0111\u1eb9p, v\u1ecb \u0111\u1eadm r\u00f5, h\u1eadu v\u1ecb \u00eam v\u00e0 s\u00e2u. S\u1ea3n ph\u1ea9m ph\u00f9 h\u1ee3p cho c\u1ea3 s\u1eed d\u1ee5ng gia \u0111\u00ecnh, v\u0103n ph\u00f2ng ho\u1eb7c kinh doanh qu\u00e1n c\u00e0 ph\u00ea, \u0111\u00e1p \u1ee9ng t\u1ed1t nhu c\u1ea7u pha phin truy\u1ec1n th\u1ed1ng v\u00e0 pha m\u00e1y hi\u1ec7n \u0111\u1ea1i. Kh\u00f4ng ch\u1ec9 l\u00e0 th\u1ee9c u\u1ed1ng gi\u00fap t\u1ec9nh t\u00e1o, <strong data-start=\"1153\" data-end=\"1164\">Gia Ph\u00fa<\/strong> c\u00f2n mang \u0111\u1ebfn tr\u1ea3i nghi\u1ec7m th\u01b0\u1edfng th\u1ee9c \u0111\u1eadm ch\u1ea5t T\u00e2y Nguy\u00ean \u2013 ch\u00e2n th\u1eadt, m\u1ea1nh m\u1ebd v\u00e0 \u0111\u1ea7y c\u1ea3m x\u00fac.<\/p>\n","protected":false},"excerpt":{"rendered":"<p><strong data-start=\"108\" data-end=\"123\">Th\u00e0nh ph\u1ea7n:<\/strong> Robusta \u2013 Arabica \u2013 Cherry<\/p>\n<p><strong data-start=\"155\" data-end=\"173\">D\u1ea1ng s\u1ea3n ph\u1ea9m:<\/strong> H\u1ea1t Rang C\u00e0 Ph\u00ea<\/p>\n<p><strong data-start=\"198\" data-end=\"208\">\u0110\u1ed9 \u1ea9m:<\/strong> \u2264 5%<\/p>\n<p><strong data-start=\"218\" data-end=\"241\">H\u00e0m l\u01b0\u1ee3ng caffeine:<\/strong> \u2265 1%<\/p>\n<p><strong data-start=\"251\" data-end=\"271\">Kh\u1ed1i l\u01b0\u1ee3ng t\u1ecbnh:<\/strong> 1Kg\/1000g<\/p>\n<p><strong data-start=\"280\" data-end=\"302\">H\u1ea1n s\u1eed d\u1ee5ng (HSD):<\/strong> Xem tr\u00ean bao b\u00ec<\/p>\n<p><strong data-start=\"323\" data-end=\"341\">S\u1ed1 t\u1ef1 c\u00f4ng b\u1ed1:<\/strong> 01\/GIA PHU\/2025<\/p>\n<p><strong data-start=\"362\" data-end=\"374\">Xu\u1ea5t x\u1ee9:<\/strong> Gia Lai, Vi\u1ec7t Nam<\/p>\n<p><strong data-start=\"388\" data-end=\"410\">Quy c\u00e1ch \u0111\u00f3ng g\u00f3i:<\/strong> T\u00fai k\u00edn, ti\u1ec7n l\u1ee3i b\u1ea3o qu\u1ea3n<\/p>\n<p><strong data-start=\"442\" data-end=\"455\">B\u1ea3o qu\u1ea3n:<\/strong> N\u01a1i kh\u00f4 r\u00e1o, tho\u00e1ng m\u00e1t, tr\u00e1nh \u00e1nh n\u1eafng tr\u1ef1c ti\u1ebfp<\/p>\n","protected":false},"featured_media":9295,"comment_status":"open","ping_status":"closed","template":"","meta":[],"product_cat":[127],"product_tag":[192,181,190,191,186,193,194,183,185,184],"class_list":{"0":"post-9104","1":"product","2":"type-product","3":"status-publish","4":"has-post-thumbnail","6":"product_cat-ca-phe-gia-phu","7":"product_tag-ca-phe-dac-biet","8":"product_tag-ca-phe-nguyen-chat","9":"product_tag-ca-phe-pha-may","10":"product_tag-ca-phe-pha-phin","11":"product_tag-ca-phe-tay-nguyen","12":"product_tag-dac-san-tay-nguyen","13":"product_tag-mac-ca-tay-nguyen","14":"product_tag-mac-ca-tu-nhien","15":"product_tag-macca","16":"product_tag-macca-tu-nhien","18":"first","19":"instock","20":"shipping-taxable","21":"purchasable","22":"product-type-simple"},"_links":{"self":[{"href":"https:\/\/giaphucoffee.com\/index.php?rest_route=\/wp\/v2\/product\/9104","targetHints":{"allow":["GET"]}}],"collection":[{"href":"https:\/\/giaphucoffee.com\/index.php?rest_route=\/wp\/v2\/product"}],"about":[{"href":"https:\/\/giaphucoffee.com\/index.php?rest_route=\/wp\/v2\/types\/product"}],"replies":[{"embeddable":true,"href":"https:\/\/giaphucoffee.com\/index.php?rest_route=%2Fwp%2Fv2%2Fcomments&post=9104"}],"version-history":[{"count":10,"href":"https:\/\/giaphucoffee.com\/index.php?rest_route=\/wp\/v2\/product\/9104\/revisions"}],"predecessor-version":[{"id":9391,"href":"https:\/\/giaphucoffee.com\/index.php?rest_route=\/wp\/v2\/product\/9104\/revisions\/9391"}],"wp:featuredmedia":[{"embeddable":true,"href":"https:\/\/giaphucoffee.com\/index.php?rest_route=\/wp\/v2\/media\/9295"}],"wp:attachment":[{"href":"https:\/\/giaphucoffee.com\/index.php?rest_route=%2Fwp%2Fv2%2Fmedia&parent=9104"}],"wp:term":[{"taxonomy":"product_cat","embeddable":true,"href":"https:\/\/giaphucoffee.com\/index.php?rest_route=%2Fwp%2Fv2%2Fproduct_cat&post=9104"},{"taxonomy":"product_tag","embeddable":true,"href":"https:\/\/giaphucoffee.com\/index.php?rest_route=%2Fwp%2Fv2%2Fproduct_tag&post=9104"}],"curies":[{"name":"wp","href":"https:\/\/api.w.org\/{rel}","templated":true}]}}