{"id":9212,"date":"2022-12-05T08:33:04","date_gmt":"2022-12-05T01:33:04","guid":{"rendered":"https:\/\/giaphucoffee.com\/?page_id=9212"},"modified":"2022-12-05T08:33:04","modified_gmt":"2022-12-05T01:33:04","slug":"cau-chuyen-san-pham-mac-ca-gia-phu","status":"publish","type":"page","link":"https:\/\/giaphucoffee.com\/?page_id=9212","title":{"rendered":"C\u00e2u chuy\u1ec7n s\u1ea3n ph\u1ea9m M\u1eafc Ca Gia Ph\u00fa"},"content":{"rendered":"<p>Kh\u00f4ng ai bi\u1ebft ai l\u00e0 ng\u01b0\u1eddi c\u00f3 c\u00f4ng mang c\u00e2y m\u1eafc ca gi\u1ed1ng \u0111\u1ebfn m\u1ea3nh \u0111\u1ea5t t\u00e2y nguy\u00ean, nh\u01b0ng ph\u1ea3i c\u1ea3m \u01a1n ng\u01b0\u1eddi \u0111\u00f3, v\u00ec \u0111\u00e3 mang v\u1ec1 m\u1ed9t lo\u00e0i c\u00e2y khi\u1ebfn m\u1ea3nh \u0111\u1ea5t ch\u00fang t\u00f4i thay \u0111\u1ed5i t\u1eebng ng\u00e0y.<\/p>\n<p>T\u1eeb khi b\u00e9n r\u1ec5 tr\u00ean m\u1ea3nh \u0111\u1ea5t \u0111\u1ecf bazan m\u00e0u m\u1ee1, d\u01b0\u1eddng nh\u01b0 h\u1ee3p v\u1edbi th\u1ed5 nh\u01b0\u1ee1ng v\u00e0 kh\u00ed h\u1eadu, c\u00e2y macca sinh s\u00f4i m\u1ea1nh m\u1ebd v\u01b0\u01a1n l\u00ean nh\u01b0 ch\u00ednh ng\u01b0\u1eddi d\u00e2n c\u1ee7a \u0111\u1ea1i ng\u00e0n n\u01a1i \u0111\u00e2y.<\/p>\n<p>Ng\u01b0\u1eddi ta v\u1eabn n\u00f3i, tr\u1ed3ng m\u1ed9t c\u00e1i c\u00e2y nh\u01b0 tr\u1ed3ng m\u1ed9t con ng\u01b0\u1eddi, t\u1eeb khi ch\u00fang t\u00f4i tr\u1ed3ng c\u00e2y m\u1eafc ca con xu\u1ed1ng \u0111\u1ea5t \u0111\u1ebfn khi c\u00e2y \u0111\u01a1m hoa, k\u1ebft tr\u00e1i v\u00e0 cho thu ho\u1ea1ch ng\u00f3t ngh\u00e9t h\u01a1n 5 n\u0103m. \u00a0C\u00e2y kh\u00f4ng ph\u1ee5 c\u00f4ng ch\u0103m s\u00f3c v\u00e0 l\u00f2ng mong m\u1ecfi c\u1ee7a ng\u01b0\u1eddi tr\u1ed3ng, qua n\u0103m th\u00e1ng, nh\u1eefng c\u00e2y m\u1eafc ca kh\u00f4ng nh\u1eefng gi\u00fap ph\u1ee7 xanh m\u1ea3nh \u0111\u1ea5t t\u00e2y nguy\u00ean, m\u00e0 c\u00f2n gi\u00fap b\u00e0 con ch\u00fang t\u00f4i x\u00f3a \u0111\u00f3i gi\u1ea3m ngh\u00e8o, v\u01b0\u01a1n l\u00ean l\u00e0m gi\u00e0u tr\u00ean ch\u00ednh m\u1ea3nh \u0111\u1ea5t qu\u00ea h\u01b0\u01a1ng m\u00ecnh.<\/p>\n<p>H\u1ea1t m\u1eafc ca ngon nh\u1ea5t l\u00e0 h\u1ea1t gi\u00e0 v\u00e0 r\u1ee5ng xu\u1ed1ng \u0111\u1ea5t. \u0110\u00e2y c\u0169ng l\u00e0 l\u00fac ch\u00fang t\u00f4i \u0111i thu l\u01b0\u1ee3m, s\u00e0ng l\u1ecdc v\u00e0 b\u1eaft \u0111\u1ea7u m\u1ed9t quy tr\u00ecnh ch\u1ebf bi\u1ebfn \u0111\u1ea7y c\u00f4ng phu. Qua qu\u00e1 tr\u00ecnh s\u1ea5y \u1edf nhi\u1ec7t \u0111\u1ed9 ho\u00e0n h\u1ea3o, nh\u00e2n h\u1ea1t v\u1eeba ch\u00edn t\u1edbi, v\u1eeba \u0111\u1ee7 d\u1eady l\u00ean m\u00f9i th\u01a1m v\u00e0 gi\u1eef tr\u1ecdn v\u1eb9n \u0111\u01b0\u1ee3c v\u1ecb b\u00e9o ng\u1ecdt. V\u1ecf h\u1ea1t m\u1eafc ca r\u1ea5t c\u1ee9ng, quy tr\u00ecnh t\u00e1ch n\u1ee9t v\u1ecf v\u1edbi nh\u1eefng v\u1ebft n\u1ee9t \u0111\u1eb9p ho\u00e0n h\u1ea3o s\u1ebd gi\u00fap qu\u00e1 tr\u00ecnh b\u00f3c t\u00e1ch khi \u0103n d\u1ec5 d\u00e0ng h\u01a1n v\u00e0 h\u1ea1t m\u1eafc ca c\u0169ng \u0111\u1eb9p \u0111\u1ea7y t\u00ednh th\u1ea9m m\u0129.<\/p>\n<p>\u0110\u1eebng ng\u1ea1c nhi\u00ean n\u1ebfu nh\u01b0 h\u1ea1t m\u1eafc ca h\u1ea1 g\u1ee5c v\u1ecb gi\u00e1c c\u1ee7a b\u1ea1n ngay t\u1eeb l\u1ea7n \u0111\u1ea7u ti\u00ean th\u01b0\u1edfng th\u1ee9c b\u1edfi h\u01b0\u01a1ng v\u1ecb th\u01a1m b\u00f9i, ng\u1ecdt ng\u00e0o v\u00e0 b\u00e9o ng\u1eady c\u1ee7a n\u00f3. Kh\u00f4ng nh\u1eefng th\u01a1m ngon m\u00e0 c\u1ef1c k\u1ef3 gi\u00e0u dinh d\u01b0\u1ee1ng, h\u1ea1t m\u1eafc ca \u0111\u01b0\u1ee3c m\u1ec7nh danh l\u00e0 n\u1eef ho\u00e0ng c\u1ee7a c\u00e1c lo\u1ea1i h\u1ea1t. Ch\u00fang c\u1ef1c gi\u00e0u ch\u1ea5t b\u00e9o c\u00f3 l\u1ee3i cho s\u1ee9c kh\u1ecfe tim m\u1ea1ch, gi\u1ea3m m\u1ee1 m\u00e1u v\u00e0 cung c\u1ea5p ngu\u1ed3n n\u0103ng l\u01b0\u1ee3ng l\u00e0nh m\u1ea1nh cho c\u01a1 th\u1ec3. V\u1ecb ngon c\u1ee7a h\u1ea1t m\u1eafc ca khi\u1ebfn ng\u01b0\u1eddi ta m\u00ea m\u1ea9n m\u00e0 qu\u00ean \u0111i nh\u1eefng \u0111\u1eafng cay c\u1ef1c nh\u1ecdc v\u1ed1n d\u0129 l\u00e0 m\u1ed9t \u0111i\u1ec1u kh\u00f4ng tr\u00e1nh kh\u1ecfi trong cu\u1ed9c s\u1ed1ng.<\/p>\n<p>Kh\u00f4ng bi\u1ebft t\u1ef1 khi n\u00e0o, nh\u1eefng gi\u1ecf qu\u00e0 bi\u1ebfu sang tr\u1ecdng kh\u00f4ng th\u1ec3 thi\u1ebfu s\u1ef1 g\u00f3p m\u1eb7t c\u1ee7a h\u1ea1t m\u1eafc ca. C\u00f3 l\u1ebd, ch\u00fang \u0111\u00e3 \u0111i v\u00e0o \u0111\u1eddi s\u1ed1ng tinh th\u1ea7n c\u1ee7a ng\u01b0\u1eddi d\u00e2n ta m\u1ed9t c\u00e1ch nh\u1eb9 nh\u00e0ng v\u00e0 s\u00e2u s\u1eafc nh\u01b0 v\u1eady<\/p>\n<p>M\u1eafc ca Gia Ph\u00fa t\u1ef1 h\u00e0o mang \u0111\u1ebfn b\u1ea1n h\u1ea1t m\u1eafc ca th\u01b0\u1ee3ng h\u1ea1ng nh\u01b0 m\u1ed9t h\u01a1i th\u1edf c\u1ee7a r\u1eebng n\u00fai T\u00e2y Nguy\u00ean h\u00f9ng v\u1ecb th\u1ea5m \u0111\u1eabm t\u00ecnh th\u01b0\u01a1ng \u0111\u1ed3ng b\u00e0o d\u00e2n t\u1ed9c.<\/p>\n","protected":false},"excerpt":{"rendered":"<p>Kh\u00f4ng ai bi\u1ebft ai l\u00e0 ng\u01b0\u1eddi c\u00f3 c\u00f4ng mang c\u00e2y m\u1eafc ca gi\u1ed1ng \u0111\u1ebfn m\u1ea3nh \u0111\u1ea5t t\u00e2y nguy\u00ean, nh\u01b0ng ph\u1ea3i<\/p>\n","protected":false},"author":1,"featured_media":0,"parent":0,"menu_order":0,"comment_status":"closed","ping_status":"closed","template":"","meta":{"footnotes":""},"class_list":["post-9212","page","type-page","status-publish","hentry"],"_links":{"self":[{"href":"https:\/\/giaphucoffee.com\/index.php?rest_route=\/wp\/v2\/pages\/9212","targetHints":{"allow":["GET"]}}],"collection":[{"href":"https:\/\/giaphucoffee.com\/index.php?rest_route=\/wp\/v2\/pages"}],"about":[{"href":"https:\/\/giaphucoffee.com\/index.php?rest_route=\/wp\/v2\/types\/page"}],"author":[{"embeddable":true,"href":"https:\/\/giaphucoffee.com\/index.php?rest_route=\/wp\/v2\/users\/1"}],"replies":[{"embeddable":true,"href":"https:\/\/giaphucoffee.com\/index.php?rest_route=%2Fwp%2Fv2%2Fcomments&post=9212"}],"version-history":[{"count":1,"href":"https:\/\/giaphucoffee.com\/index.php?rest_route=\/wp\/v2\/pages\/9212\/revisions"}],"predecessor-version":[{"id":9213,"href":"https:\/\/giaphucoffee.com\/index.php?rest_route=\/wp\/v2\/pages\/9212\/revisions\/9213"}],"wp:attachment":[{"href":"https:\/\/giaphucoffee.com\/index.php?rest_route=%2Fwp%2Fv2%2Fmedia&parent=9212"}],"curies":[{"name":"wp","href":"https:\/\/api.w.org\/{rel}","templated":true}]}}