{"id":9191,"date":"2022-11-24T20:26:36","date_gmt":"2022-11-24T13:26:36","guid":{"rendered":"https:\/\/giaphucoffee.com\/?page_id=9191"},"modified":"2026-03-23T23:42:46","modified_gmt":"2026-03-23T16:42:46","slug":"ca-phe-bot-gia-phu","status":"publish","type":"page","link":"https:\/\/giaphucoffee.com\/?page_id=9191","title":{"rendered":"C\u00e2u chuy\u1ec7n s\u1ea3n ph\u1ea9m C\u00e0 ph\u00ea b\u1ed9t Gia Ph\u00fa"},"content":{"rendered":"<h2>C\u00e0 ph\u00ea b\u1ed9t Gia Ph\u00fa<\/h2>\n<p>Gia Lai! Bao n\u0103m d\u1eebng ch\u00e2n n\u01a1i \u0111\u00e2y c\u0169ng l\u00e0 ng\u1ea7n \u1ea5y n\u0103m ch\u00fang t\u00f4i \u2013 C\u00e0 ph\u00ea b\u1ed9t Gia Ph\u00fa, g\u1eafn b\u00f3 v\u1edbi c\u00e2y c\u00e0 ph\u00ea. T\u1eeb nh\u1eefng ng\u00e0y \u0111\u1ea7u m\u00e0y m\u00f2 rang xay c\u00e0 ph\u00ea, v\u1edbi mong mu\u1ed1n t\u00ecm ra \u0111\u01b0\u01a1c h\u01b0\u1edbng \u0111i m\u1edbi cho b\u1ea3n th\u00e2n v\u00e0 ng\u01b0\u1eddi d\u00e2n tr\u1ed3ng c\u00e0 ph\u00ea t\u1ea1i \u0110ak \u0110oa \u2013 Gia Lai, khi h\u1ea1t c\u00e0 ph\u00ea m\u1ea5t gi\u00e1. B\u1eb1ng s\u1ef1 say m\u00ea v\u00e0 t\u00e2m huy\u1ebft tr\u1ea3i qua nhi\u1ec1u \u0111\u1eafng cay ng\u1ecdt b\u00f9i, C\u01a1 s\u1edf ch\u1ebf bi\u1ebfn c\u00e0 ph\u00ea b\u1ed9t Gia Ph\u00fa kh\u00f4ng ng\u1eebng t\u00ecm t\u00f2i v\u00e0 ho\u00e0n thi\u1ec7n c\u00f4ng th\u1ee9c t\u1ea1o ra ra nh\u1eefng s\u1ea3n ph\u1ea9m t\u1ed1t nh\u1ea5t, \u0111\u1ec3 \u0111\u01b0a \u0111\u1ebfn ng\u01b0\u1eddi y\u00eau c\u00e0 ph\u00ea th\u1ee9 thi\u1ec7t!<\/p>\n<p>N\u1ebfu Arabica n\u1ed3ng n\u00e0n h\u01b0\u01a1ng th\u01a1m, Robusta m\u1ea1nh m\u1ebd, \u0111\u1eadm tr\u00e0n v\u1ecb caffein th\u00ec Cherry l\u1ea1i nh\u00e8 nh\u1eb9 v\u1ecb \u0111\u1eafng m\u00e0 \u0111\u1ea7y quy\u1ebfn r\u0169.<\/p>\n<p>H\u00f2a quy\u1ec7n t\u1eeb 3 lo\u1ea1i h\u1ea1t Arabica, Robusta c\u00f9ng Cherry \u0111\u01b0\u1ee3c h\u00e1i ch\u00edn \u0111\u1ecf, s\u01a1 ch\u1ebf \u01b0\u1edbt r\u1ed3i rang xay t\u1ec9 m\u1ec9, C\u00e0 ph\u00ea b\u1ed9t Gia Ph\u00fa mang \u0111\u1ebfn cho th\u1ef1c kh\u00e1ch h\u01b0\u01a1ng v\u1ecb tr\u00f2n \u0111\u1ea7y, quy\u1ebfn r\u0169, \u0111\u00fang h\u01b0\u01a1ng v\u1ecb h\u1ea1t. S\u00f3ng s\u00e1nh n\u01b0\u1edbc m\u00e0u n\u00e2u c\u00e1nh gi\u00e1n, chua thanh khi ch\u1ea1m \u0111\u1ea7u m\u00f4i v\u00e0 sau v\u00e0i gi\u00e2y nh\u01b0 c\u00f3 v\u1ecb chocolate c\u00f9ng h\u01b0\u01a1ng g\u1ed7 m\u1ed9c cu\u1ed1n quanh khoang mi\u1ec7ng.<\/p>\n<p>H\u01b0\u01a1ng th\u01a1m n\u1ed3ng n\u00e0n, m\u00f9i v\u1ecb kh\u00e1c bi\u1ec7t kh\u00f4ng gi\u1ed1ng v\u1edbi b\u1ea5t k\u1ef3 lo\u1ea1i n\u00e0o, c\u00e0 ph\u00ea b\u1ed9t Gia Ph\u00fa \u0111\u00e3 c\u1ea3m m\u1ebfn \u0111\u01b0\u1ee3c nhi\u1ec1u ng\u01b0\u1eddi th\u01b0\u01a1ng. Tr\u1edf th\u00e0nh th\u1ee9c u\u1ed1ng quen thu\u1ed9c h\u00e0ng ng\u00e0y, m\u1ed9t m\u00f3n qu\u00e0 ri\u00eang c\u1ee7a nhi\u1ec1u kh\u00e1ch du l\u1ecbch khi \u0111\u1ebfn Gia Lai.<\/p>\n<p>C\u00e0 ph\u00ea b\u1ed9t Gia Ph\u00fa \u2013 H\u01b0\u01a1ng v\u1ecb \u0111\u1eadm \u0111\u00e0 cho ng\u00e0y m\u1edbi s\u00e1ng t\u1ea1o!<\/p>\n","protected":false},"excerpt":{"rendered":"<p>C\u00e0 ph\u00ea b\u1ed9t Gia Ph\u00fa Gia Lai! Bao n\u0103m d\u1eebng ch\u00e2n n\u01a1i \u0111\u00e2y c\u0169ng l\u00e0 ng\u1ea7n \u1ea5y n\u0103m ch\u00fang t\u00f4i<\/p>\n","protected":false},"author":1,"featured_media":0,"parent":0,"menu_order":0,"comment_status":"closed","ping_status":"closed","template":"","meta":{"footnotes":""},"class_list":["post-9191","page","type-page","status-publish","hentry"],"_links":{"self":[{"href":"https:\/\/giaphucoffee.com\/index.php?rest_route=\/wp\/v2\/pages\/9191","targetHints":{"allow":["GET"]}}],"collection":[{"href":"https:\/\/giaphucoffee.com\/index.php?rest_route=\/wp\/v2\/pages"}],"about":[{"href":"https:\/\/giaphucoffee.com\/index.php?rest_route=\/wp\/v2\/types\/page"}],"author":[{"embeddable":true,"href":"https:\/\/giaphucoffee.com\/index.php?rest_route=\/wp\/v2\/users\/1"}],"replies":[{"embeddable":true,"href":"https:\/\/giaphucoffee.com\/index.php?rest_route=%2Fwp%2Fv2%2Fcomments&post=9191"}],"version-history":[{"count":6,"href":"https:\/\/giaphucoffee.com\/index.php?rest_route=\/wp\/v2\/pages\/9191\/revisions"}],"predecessor-version":[{"id":9374,"href":"https:\/\/giaphucoffee.com\/index.php?rest_route=\/wp\/v2\/pages\/9191\/revisions\/9374"}],"wp:attachment":[{"href":"https:\/\/giaphucoffee.com\/index.php?rest_route=%2Fwp%2Fv2%2Fmedia&parent=9191"}],"curies":[{"name":"wp","href":"https:\/\/api.w.org\/{rel}","templated":true}]}}