{"id":4400,"date":"2021-10-12T15:51:09","date_gmt":"2021-10-12T08:51:09","guid":{"rendered":"http:\/\/dummy.xtemos.com\/woodmart2\/elementor\/?page_id=4400"},"modified":"2026-03-24T00:34:53","modified_gmt":"2026-03-23T17:34:53","slug":"about-us","status":"publish","type":"page","link":"https:\/\/giaphucoffee.com\/?page_id=4400","title":{"rendered":"About us"},"content":{"rendered":"<h1 style=\"text-align: center;\"><span style=\"color: #ff0000;\"><strong>V\u1ec0 CH\u00daNG T\u00d4I<\/strong><\/span><\/h1>\n<p><strong>C\u00c0 PH\u00ca GIA PH\u00da \u2013 H\u00c0NH TR\u00ccNH T\u1eea NG\u01af\u1edcI N\u00d4NG D\u00c2N \u0110\u1ebeN TH\u01af\u01a0NG HI\u1ec6U C\u00c0 PH\u00ca T\u00c2Y NGUY\u00caN<\/strong><\/p>\n<p>Xu\u1ea5t th\u00e2n t\u1eeb m\u1ed9t gia \u0111\u00ecnh n\u00f4ng d\u00e2n t\u1ea1i Qu\u1ea3ng Nam, mang theo kh\u00e1t v\u1ecdng v\u01b0\u01a1n l\u00ean t\u1eeb cu\u1ed9c Xu\u1ea5t th\u00e2n t\u1eeb m\u1ed9t gia \u0111\u00ecnh n\u00f4ng d\u00e2n t\u1ea1i Qu\u1ea3ng Nam, mang theo kh\u00e1t v\u1ecdng x\u00e2y d\u1ef1ng t\u01b0\u01a1ng lai b\u1eb1ng ch\u00ednh \u0111\u00f4i tay v\u00e0 s\u1ef1 b\u1ec1n b\u1ec9, ch\u00fang t\u00f4i \u0111\u00e3 ch\u1ecdn T\u00e2y Nguy\u00ean l\u00e0m \u0111i\u1ec3m kh\u1edfi \u0111\u1ea7u cho h\u00e0nh tr\u00ecnh l\u1eadp nghi\u1ec7p. N\u0103m 1996, gia \u0111\u00ecnh \u0111\u1eb7t ch\u00e2n \u0111\u1ebfn \u0110\u0103k \u0110oa \u2013 Gia Lai, b\u1eaft \u0111\u1ea7u khai hoang v\u00e0 gieo tr\u1ed3ng nh\u1eefng c\u00e2y c\u00e0 ph\u00ea \u0111\u1ea7u ti\u00ean tr\u00ean v\u00f9ng \u0111\u1ea5t \u0111\u1ecf bazan tr\u00f9 ph\u00fa. H\u00e0nh tr\u00ecnh g\u1eafn b\u00f3 v\u1edbi n\u00f4ng nghi\u1ec7p l\u00e0 h\u00e0nh tr\u00ecnh c\u1ee7a s\u1ef1 ki\u00ean tr\u00ec v\u00e0 th\u00edch nghi. \u0110\u1ebfn n\u0103m 2002, tr\u01b0\u1edbc nh\u1eefng bi\u1ebfn \u0111\u1ed9ng c\u1ee7a th\u1ecb tr\u01b0\u1eddng c\u00e0 ph\u00ea, khi gi\u00e1 tr\u1ecb n\u00f4ng s\u1ea3n ch\u01b0a \u1ed5n \u0111\u1ecbnh, ch\u00fang t\u00f4i nh\u1eadn ra c\u1ea7n m\u1ed9t h\u01b0\u1edbng \u0111i b\u1ec1n v\u1eefng h\u01a1n. T\u1eeb \u0111\u00f3, \u00fd t\u01b0\u1edfng ch\u1ebf bi\u1ebfn c\u00e0 ph\u00ea t\u1eeb nguy\u00ean li\u1ec7u th\u00f4 th\u00e0nh s\u1ea3n ph\u1ea9m ho\u00e0n ch\u1ec9nh \u0111\u01b0\u1ee3c h\u00ecnh th\u00e0nh \u2013 kh\u00f4ng ch\u1ec9 nh\u1eb1m gia t\u0103ng gi\u00e1 tr\u1ecb h\u1ea1t c\u00e0 ph\u00ea, m\u00e0 c\u00f2n t\u1eebng b\u01b0\u1edbc x\u00e2y d\u1ef1ng m\u1ed9t n\u1ec1n t\u1ea3ng ph\u00e1t tri\u1ec3n l\u00e2u d\u00e0i, ch\u1ee7 \u0111\u1ed9ng v\u00e0 v\u1eefng ch\u1eafc h\u01a1n cho t\u01b0\u01a1ng lai.<\/p>\n<p><strong>T\u1eea KH\u00d3 KH\u0102N \u0110\u1ebeN NI\u1ec0M TIN TH\u1eca TR\u01af\u1edcNG<\/strong><\/p>\n<p>Nh\u1eefng ng\u00e0y \u0111\u1ea7u kh\u1edfi nghi\u1ec7p l\u00e0 chu\u1ed7i th\u1eed th\u00e1ch kh\u00f4ng ng\u1eebng. Kh\u00f4ng c\u00f3 v\u1ed1n, kh\u00f4ng c\u00f3 th\u1ecb tr\u01b0\u1eddng, c\u0169ng ch\u01b0a c\u00f3 kinh nghi\u1ec7m s\u1ea3n xu\u1ea5t, ch\u00fang t\u00f4i ph\u1ea3i vay m\u01b0\u1ee3n \u0111\u1ec3 \u0111\u1ea7u t\u01b0 m\u00e1y m\u00f3c, t\u1eebng b\u01b0\u1edbc x\u00e2y d\u1ef1ng c\u01a1 s\u1edf ch\u1ebf bi\u1ebfn. \u0110\u1ea7u ra lu\u00f4n l\u00e0 b\u00e0i to\u00e1n kh\u00f3 \u0111\u1ed1i v\u1edbi ng\u01b0\u1eddi l\u00e0m n\u00f4ng. V\u00ec v\u1eady, ch\u00fang t\u00f4i ch\u1ee7 \u0111\u1ed9ng t\u00ecm ki\u1ebfm c\u01a1 h\u1ed9i b\u1eb1ng c\u00e1ch tr\u1ef1c ti\u1ebfp \u0111i gi\u1edbi thi\u1ec7u s\u1ea3n ph\u1ea9m \u0111\u1ebfn t\u1eebng qu\u00e1n c\u00e0 ph\u00ea, t\u1eebng c\u1eeda h\u00e0ng t\u1ea1p h\u00f3a. Ch\u00ednh s\u1ef1 ki\u00ean tr\u00ec \u1ea5y, c\u00f9ng v\u1edbi \u0111\u1ecbnh h\u01b0\u1edbng l\u1ea5y ch\u1ea5t l\u01b0\u1ee3ng l\u00e0m c\u1ed1t l\u00f5i, \u0111\u00e3 gi\u00fap Gia Ph\u00fa d\u1ea7n nh\u1eadn \u0111\u01b0\u1ee3c s\u1ef1 tin t\u01b0\u1edfng t\u1eeb kh\u00e1ch h\u00e0ng. T\u1eeb nh\u1eefng b\u01b0\u1edbc \u0111i nh\u1ecf ban \u0111\u1ea7u, s\u1ea3n ph\u1ea9m ng\u00e0y c\u00e0ng \u0111\u01b0\u1ee3c \u0111\u00f3n nh\u1eadn r\u1ed9ng r\u00e3i, s\u1ea3n l\u01b0\u1ee3ng t\u0103ng tr\u01b0\u1edfng \u1ed5n \u0111\u1ecbnh v\u00e0 th\u01b0\u01a1ng hi\u1ec7u c\u0169ng t\u1eebng b\u01b0\u1edbc \u0111\u01b0\u1ee3c kh\u1eb3ng \u0111\u1ecbnh.<\/p>\n<p><strong>TINH HOA S\u1ea2N V\u1eacT T\u00c2Y NGUY\u00caN \u2013 C\u00c0 PH\u00ca &amp; M\u1eaeC CA GIA PH\u00da<\/strong><strong> V\u00c0 C\u00c1C LO\u1ea0I H\u00c0NG N\u00d4NG S\u1ea2N<\/strong><\/p>\n<p>Gia Ph\u00fa kh\u00f4ng ch\u1ec9 d\u1eebng l\u1ea1i \u1edf c\u00e0 ph\u00ea, m\u00e0 c\u00f2n ph\u00e1t tri\u1ec3n song song c\u00e1c s\u1ea3n v\u1eadt \u0111\u1eb7c tr\u01b0ng c\u1ee7a T\u00e2y Nguy\u00ean, trong \u0111\u00f3 n\u1ed5i b\u1eadt l\u00e0 c\u00e0 ph\u00ea rang xay v\u00e0 h\u1ea1t m\u1eafc ca. C\u00e0 ph\u00ea Gia Ph\u00fa l\u00e0 s\u1ef1 h\u00f2a quy\u1ec7n h\u00e0i h\u00f2a gi\u1eefa Arabica, Robusta v\u00e0 Cherry \u2013 nh\u1eefng gi\u1ed1ng c\u00e0 ph\u00ea \u0111\u01b0\u1ee3c tuy\u1ec3n ch\u1ecdn t\u1eeb h\u1ea1t ch\u00edn \u0111\u1ecf, tr\u1ea3i qua qu\u00e1 tr\u00ecnh s\u01a1 ch\u1ebf k\u1ef9 l\u01b0\u1ee1ng v\u00e0 rang xay t\u1ec9 m\u1ec9. Th\u00e0nh ph\u1ea9m mang h\u01b0\u01a1ng th\u01a1m n\u1ed3ng n\u00e0n, v\u1ecb \u0111\u1eadm \u0111\u00e0 \u0111\u1eb7c tr\u01b0ng, c\u00e2n b\u1eb1ng gi\u1eefa chua thanh nh\u1eb9 n\u01a1i \u0111\u1ea7u l\u01b0\u1ee1i v\u00e0 h\u1eadu v\u1ecb ng\u1ecdt d\u1ecbu nh\u01b0 chocolate, t\u1ea1o n\u00ean tr\u1ea3i nghi\u1ec7m tr\u00f2n \u0111\u1ea7y v\u00e0 kh\u00e1c bi\u1ec7t. Song h\u00e0nh c\u00f9ng c\u00e0 ph\u00ea, m\u1eafc ca Gia Ph\u00fa \u0111\u01b0\u1ee3c tr\u1ed3ng v\u00e0 ph\u00e1t tri\u1ec3n tr\u00ean ch\u00ednh v\u00f9ng \u0111\u1ea5t bazan m\u00e0u m\u1ee1. Sau nhi\u1ec1u n\u0103m ch\u0103m s\u00f3c, nh\u1eefng h\u1ea1t m\u1eafc ca \u0111\u1ea1t \u0111\u1ed9 ch\u00edn t\u1ef1 nhi\u00ean \u0111\u01b0\u1ee3c thu ho\u1ea1ch, s\u00e0ng l\u1ecdc v\u00e0 ch\u1ebf bi\u1ebfn theo quy tr\u00ecnh nghi\u00eam ng\u1eb7t. Nh\u1edd c\u00f4ng ngh\u1ec7 s\u1ea5y \u1edf nhi\u1ec7t \u0111\u1ed9 ph\u00f9 h\u1ee3p, h\u1ea1t gi\u1eef \u0111\u01b0\u1ee3c \u0111\u1ed9 b\u00e9o b\u00f9i, th\u01a1m ng\u1eady v\u00e0 gi\u00e1 tr\u1ecb dinh d\u01b0\u1ee1ng cao. Kh\u00f4ng ch\u1ec9 l\u00e0 m\u00f3n \u0103n b\u1ed5 d\u01b0\u1ee1ng, m\u1eafc ca c\u00f2n tr\u1edf th\u00e0nh l\u1ef1a ch\u1ecdn qu\u00e0 t\u1eb7ng sang tr\u1ecdng, mang \u0111\u1eadm h\u01b0\u01a1ng v\u1ecb n\u00fai r\u1eebng T\u00e2y Nguy\u00ean. S\u1ef1 k\u1ebft h\u1ee3p gi\u1eefa c\u00e0 ph\u00ea v\u00e0 m\u1eafc ca kh\u00f4ng ch\u1ec9 l\u00e0 hai s\u1ea3n ph\u1ea9m ri\u00eang bi\u1ec7t, m\u00e0 c\u00f2n l\u00e0 \u0111\u1ea1i di\u1ec7n cho tinh hoa n\u00f4ng s\u1ea3n \u0111\u1ecba ph\u01b0\u01a1ng \u2013 n\u01a1i h\u1ed9i t\u1ee5 c\u1ee7a kh\u00ed h\u1eadu, th\u1ed5 nh\u01b0\u1ee1ng v\u00e0 t\u00e2m huy\u1ebft con ng\u01b0\u1eddi.<\/p>\n<p><strong>C\u00d4NG NGH\u1ec6 HI\u1ec6N \u0110\u1ea0I \u2013 N\u1ec0N T\u1ea2NG C\u1ee6A CH\u1ea4T L\u01af\u1ee2NG<\/strong><\/p>\n<p>T\u1ea1i Gia Ph\u00fa, m\u1ed7i s\u1ea3n ph\u1ea9m \u0111\u01b0\u1ee3c t\u1ea1o ra \u0111\u1ec1u l\u00e0 k\u1ebft qu\u1ea3 c\u1ee7a s\u1ef1 k\u1ebft h\u1ee3p gi\u1eefa c\u00f4ng ngh\u1ec7 hi\u1ec7n \u0111\u1ea1i v\u00e0 kinh nghi\u1ec7m l\u00e2u n\u0103m. H\u1ec7 th\u1ed1ng m\u00e1y rang ti\u00ean ti\u1ebfn cho ph\u00e9p ki\u1ec3m so\u00e1t ch\u00ednh x\u00e1c c\u00e1c y\u1ebfu t\u1ed1 nhi\u1ec7t \u0111\u1ed9 v\u00e0 th\u1eddi gian, gi\u00fap h\u1ea1t c\u00e0 ph\u00ea ch\u00edn \u0111\u1ec1u, gi\u1eef tr\u1ecdn h\u01b0\u01a1ng v\u1ecb t\u1ef1 nhi\u00ean. Sau qu\u00e1 tr\u00ecnh rang, c\u00e0 ph\u00ea \u0111\u01b0\u1ee3c l\u00e0m ngu\u1ed9i nhanh \u0111\u1ec3 \u201ckh\u00f3a\u201d h\u01b0\u01a1ng th\u01a1m \u1edf th\u1eddi \u0111i\u1ec3m ho\u00e0n h\u1ea3o nh\u1ea5t. To\u00e0n b\u1ed9 quy tr\u00ecnh s\u1ea3n xu\u1ea5t di\u1ec5n ra trong m\u00f4i tr\u01b0\u1eddng kh\u00e9p k\u00edn, \u0111\u1ea3m b\u1ea3o v\u1ec7 sinh v\u00e0 ch\u1ea5t l\u01b0\u1ee3ng \u1ed5n \u0111\u1ecbnh. D\u00f9 v\u1eady, y\u1ebfu t\u1ed1 con ng\u01b0\u1eddi v\u1eabn \u0111\u00f3ng vai tr\u00f2 then ch\u1ed1t, khi m\u1ed7i m\u1ebb rang \u0111\u1ec1u \u0111\u01b0\u1ee3c theo d\u00f5i v\u00e0 tinh ch\u1ec9nh b\u1edfi nh\u1eefng ng\u01b0\u1eddi th\u1ee3 l\u00e0nh ngh\u1ec1, gi\u00e0u kinh nghi\u1ec7m.<\/p>\n<p><img loading=\"lazy\" decoding=\"async\" class=\"size-medium wp-image-9379 aligncenter\" src=\"https:\/\/giaphucoffee.com\/wp-content\/uploads\/2026\/03\/Gemini_Generated_Image_9c0n279c0n279c0n-400x280.png\" alt=\"\" width=\"400\" height=\"280\" srcset=\"https:\/\/giaphucoffee.com\/wp-content\/uploads\/2026\/03\/Gemini_Generated_Image_9c0n279c0n279c0n-400x280.png 400w, https:\/\/giaphucoffee.com\/wp-content\/uploads\/2026\/03\/Gemini_Generated_Image_9c0n279c0n279c0n-1144x800.png 1144w, https:\/\/giaphucoffee.com\/wp-content\/uploads\/2026\/03\/Gemini_Generated_Image_9c0n279c0n279c0n-768x537.png 768w, https:\/\/giaphucoffee.com\/wp-content\/uploads\/2026\/03\/Gemini_Generated_Image_9c0n279c0n279c0n-1536x1074.png 1536w, https:\/\/giaphucoffee.com\/wp-content\/uploads\/2026\/03\/Gemini_Generated_Image_9c0n279c0n279c0n-2048x1432.png 2048w, https:\/\/giaphucoffee.com\/wp-content\/uploads\/2026\/03\/Gemini_Generated_Image_9c0n279c0n279c0n-860x601.png 860w, https:\/\/giaphucoffee.com\/wp-content\/uploads\/2026\/03\/Gemini_Generated_Image_9c0n279c0n279c0n-430x301.png 430w, https:\/\/giaphucoffee.com\/wp-content\/uploads\/2026\/03\/Gemini_Generated_Image_9c0n279c0n279c0n-700x489.png 700w, https:\/\/giaphucoffee.com\/wp-content\/uploads\/2026\/03\/Gemini_Generated_Image_9c0n279c0n279c0n-150x105.png 150w\" sizes=\"auto, (max-width: 400px) 100vw, 400px\" \/><\/p>\n<p><strong>KH\u1eb2NG \u0110\u1ecaNH GI\u00c1 TR\u1eca \u2013 H\u01af\u1edaNG \u0110\u1ebeN T\u01af\u01a0NG LAI<\/strong><\/p>\n<p>H\u00e0nh tr\u00ecnh ph\u00e1t tri\u1ec3n c\u1ee7a Gia Ph\u00fa \u0111\u01b0\u1ee3c ghi d\u1ea5u b\u1eb1ng nh\u1eefng c\u1ed9t m\u1ed1c quan tr\u1ecdng. N\u0103m 2021, s\u1ea3n ph\u1ea9m c\u00e0 ph\u00ea Gia Ph\u00fa l\u1ea7n \u0111\u1ea7u tham gia ch\u01b0\u01a1ng tr\u00ecnh OCOP v\u00e0 \u0111\u01b0\u1ee3c c\u00f4ng nh\u1eadn \u0111\u1ea1t chu\u1ea9n 3 sao c\u1ea5p t\u1ec9nh, t\u1ea1o n\u1ec1n t\u1ea3ng v\u1eefng ch\u1eafc cho qu\u00e1 tr\u00ecnh x\u00e2y d\u1ef1ng th\u01b0\u01a1ng hi\u1ec7u.<\/p>\n<p>\u0110\u1ebfn ng\u00e0y 29\/12\/2025, Gia Ph\u00fa ch\u00ednh th\u1ee9c n\u00e2ng h\u1ea1ng v\u00e0 \u0111\u01b0\u1ee3c c\u00f4ng nh\u1eadn OCOP 4 sao, \u0111\u00e1nh d\u1ea5u b\u01b0\u1edbc ti\u1ebfn v\u01b0\u1ee3t b\u1eadc v\u1ec1 ch\u1ea5t l\u01b0\u1ee3ng, quy m\u00f4 s\u1ea3n xu\u1ea5t c\u0169ng nh\u01b0 uy t\u00edn tr\u00ean th\u1ecb tr\u01b0\u1eddng. \u0110\u00e2y kh\u00f4ng ch\u1ec9 l\u00e0 s\u1ef1 ghi nh\u1eadn cho nh\u1eefng n\u1ed7 l\u1ef1c kh\u00f4ng ng\u1eebng ngh\u1ec9, m\u00e0 c\u00f2n l\u00e0 minh ch\u1ee9ng cho cam k\u1ebft ki\u00ean \u0111\u1ecbnh c\u1ee7a Gia Ph\u00fa trong vi\u1ec7c mang \u0111\u1ebfn nh\u1eefng s\u1ea3n ph\u1ea9m \u0111\u1ea1t ti\u00eau chu\u1ea9n cao, an to\u00e0n v\u00e0 gi\u00e0u gi\u00e1 tr\u1ecb. Hi\u1ec7n nay, c\u00e1c s\u1ea3n ph\u1ea9m c\u1ee7a Gia Ph\u00fa \u0111\u00e3 v\u00e0 \u0111ang \u0111\u01b0\u1ee3c ph\u00e2n ph\u1ed1i r\u1ed9ng r\u00e3i, kh\u00f4ng ch\u1ec9 trong ph\u1ea1m vi t\u1ec9nh Gia Lai m\u00e0 c\u00f2n v\u01b0\u01a1n ra nhi\u1ec1u khu v\u1ef1c tr\u00ean c\u1ea3 n\u01b0\u1edbc. Song song \u0111\u00f3, Gia Ph\u00fa ti\u1ebfp t\u1ee5c li\u00ean k\u1ebft ch\u1eb7t ch\u1ebd v\u1edbi c\u00e1c h\u1ed9 n\u00f4ng d\u00e2n \u0111\u1ecba ph\u01b0\u01a1ng, x\u00e2y d\u1ef1ng v\u00f9ng nguy\u00ean li\u1ec7u \u1ed5n \u0111\u1ecbnh, h\u01b0\u1edbng \u0111\u1ebfn quy tr\u00ecnh s\u1ea3n xu\u1ea5t s\u1ea1ch v\u00e0 b\u1ec1n v\u1eefng. Trong ch\u1eb7ng \u0111\u01b0\u1eddng s\u1eafp t\u1edbi, Gia Ph\u00fa \u0111\u1ecbnh h\u01b0\u1edbng ti\u1ebfp t\u1ee5c \u0111\u1ea7u t\u01b0 v\u00e0o c\u00f4ng ngh\u1ec7, n\u00e2ng c\u1ea5p ch\u1ea5t l\u01b0\u1ee3ng s\u1ea3n ph\u1ea9m, ho\u00e0n thi\u1ec7n m\u1eabu m\u00e3 bao b\u00ec v\u00e0 m\u1edf r\u1ed9ng h\u1ec7 th\u1ed1ng ph\u00e2n ph\u1ed1i, \u0111\u1eb7c bi\u1ec7t tr\u00ean c\u00e1c n\u1ec1n t\u1ea3ng th\u01b0\u01a1ng m\u1ea1i \u0111i\u1ec7n t\u1eed. V\u1edbi n\u1ec1n t\u1ea3ng \u0111\u00e3 \u0111\u01b0\u1ee3c kh\u1eb3ng \u0111\u1ecbnh, Gia Ph\u00fa k\u1ef3 v\u1ecdng s\u1ebd \u0111\u01b0a n\u00f4ng s\u1ea3n T\u00e2y Nguy\u00ean v\u01b0\u01a1n xa h\u01a1n, t\u1eebng b\u01b0\u1edbc chinh ph\u1ee5c th\u1ecb tr\u01b0\u1eddng trong n\u01b0\u1edbc v\u00e0 h\u01b0\u1edbng \u0111\u1ebfn qu\u1ed1c t\u1ebf. \ud83d\ude80<\/p>\n<p><img loading=\"lazy\" decoding=\"async\" class=\"size-medium wp-image-9370 aligncenter\" src=\"https:\/\/giaphucoffee.com\/wp-content\/uploads\/2026\/03\/snapedit_1774282758683-1-202x300.png\" alt=\"\" width=\"202\" height=\"300\" srcset=\"https:\/\/giaphucoffee.com\/wp-content\/uploads\/2026\/03\/snapedit_1774282758683-1-202x300.png 202w, https:\/\/giaphucoffee.com\/wp-content\/uploads\/2026\/03\/snapedit_1774282758683-1-539x800.png 539w, https:\/\/giaphucoffee.com\/wp-content\/uploads\/2026\/03\/snapedit_1774282758683-1-430x638.png 430w, https:\/\/giaphucoffee.com\/wp-content\/uploads\/2026\/03\/snapedit_1774282758683-1-150x223.png 150w, https:\/\/giaphucoffee.com\/wp-content\/uploads\/2026\/03\/snapedit_1774282758683-1.png 639w\" sizes=\"auto, (max-width: 202px) 100vw, 202px\" \/><\/p>\n<p><strong>GIA PH\u00da COFFEE \u2013 GI\u00c1 TR\u1eca T\u1eea T\u00c2M, H\u01af\u01a0NG V\u1eca T\u1eea \u0110\u1ea4T<\/strong><\/p>\n<p>H\u00e0nh tr\u00ecnh c\u1ee7a Gia Ph\u00fa kh\u00f4ng ch\u1ec9 l\u00e0 c\u00e2u chuy\u1ec7n v\u1ec1 s\u1ea3n xu\u1ea5t, m\u00e0 c\u00f2n l\u00e0 h\u00e0nh tr\u00ecnh c\u1ee7a s\u1ef1 ki\u00ean tr\u00ec, \u0111am m\u00ea v\u00e0 kh\u00e1t v\u1ecdng v\u01b0\u01a1n l\u00ean t\u1eeb ch\u00ednh m\u1ea3nh \u0111\u1ea5t qu\u00ea h\u01b0\u01a1ng. M\u1ed7i s\u1ea3n ph\u1ea9m \u0111\u1ebfn tay kh\u00e1ch h\u00e0ng kh\u00f4ng \u0111\u01a1n thu\u1ea7n l\u00e0 c\u00e0 ph\u00ea hay m\u1eafc ca, m\u00e0 l\u00e0 k\u1ebft tinh c\u1ee7a thi\u00ean nhi\u00ean T\u00e2y Nguy\u00ean v\u00e0 t\u00e2m huy\u1ebft c\u1ee7a nh\u1eefng con ng\u01b0\u1eddi g\u1eafn b\u00f3 v\u1edbi \u0111\u1ea5t, v\u1edbi ngh\u1ec1.<\/p>\n<p><strong>C\u00e0 ph\u00ea b\u1ed9t Gia Ph\u00fa \u2013 H\u01b0\u01a1ng v\u1ecb \u0111\u1eadm \u0111\u00e0 cho ng\u00e0y m\u1edbi s\u00e1ng t\u1ea1o.<\/strong> \u2615\ud83c\udf31<\/p>\n<p>&nbsp;<\/p>\n<p><a href=\"https:\/\/www.facebook.com\/sharer\/sharer.php?u=https:\/\/giaphucoffee.com\/about-us\/\" target=\"_blank\" rel=\"noopener noreferrer nofollow\" aria-label=\"Facebook social link\"><br \/>\n<\/a><br \/>\n<a href=\"https:\/\/twitter.com\/share?url=https:\/\/giaphucoffee.com\/about-us\/\" target=\"_blank\" rel=\"noopener noreferrer nofollow\" aria-label=\"Twitter social link\"><br \/>\n<\/a><br \/>\n<a href=\"https:\/\/pinterest.com\/pin\/create\/button\/?url=https:\/\/giaphucoffee.com\/about-us\/&amp;media=https:\/\/giaphucoffee.com\/wp-includes\/images\/media\/default.png&amp;description=About+us\" target=\"_blank\" rel=\"noopener noreferrer nofollow\" aria-label=\"Pinterest social link\"><br \/>\n<\/a><br \/>\n<a href=\"https:\/\/www.linkedin.com\/shareArticle?mini=true&amp;url=https:\/\/giaphucoffee.com\/about-us\/\" target=\"_blank\" rel=\"noopener noreferrer nofollow\" aria-label=\"Linkedin social link\"><br \/>\n<\/a><br \/>\n<a href=\"https:\/\/telegram.me\/share\/url?url=https:\/\/giaphucoffee.com\/about-us\/\" target=\"_blank\" rel=\"noopener noreferrer nofollow\" aria-label=\"Telegram social link\"><br \/>\n<\/a><\/p>\n","protected":false},"excerpt":{"rendered":"<p>V\u1ec0 CH\u00daNG T\u00d4I C\u00c0 PH\u00ca GIA PH\u00da \u2013 H\u00c0NH TR\u00ccNH T\u1eea NG\u01af\u1edcI N\u00d4NG D\u00c2N \u0110\u1ebeN TH\u01af\u01a0NG HI\u1ec6U C\u00c0 PH\u00ca T\u00c2Y<\/p>\n","protected":false},"author":1,"featured_media":0,"parent":0,"menu_order":0,"comment_status":"closed","ping_status":"closed","template":"","meta":{"footnotes":""},"class_list":["post-4400","page","type-page","status-publish","hentry"],"_links":{"self":[{"href":"https:\/\/giaphucoffee.com\/index.php?rest_route=\/wp\/v2\/pages\/4400","targetHints":{"allow":["GET"]}}],"collection":[{"href":"https:\/\/giaphucoffee.com\/index.php?rest_route=\/wp\/v2\/pages"}],"about":[{"href":"https:\/\/giaphucoffee.com\/index.php?rest_route=\/wp\/v2\/types\/page"}],"author":[{"embeddable":true,"href":"https:\/\/giaphucoffee.com\/index.php?rest_route=\/wp\/v2\/users\/1"}],"replies":[{"embeddable":true,"href":"https:\/\/giaphucoffee.com\/index.php?rest_route=%2Fwp%2Fv2%2Fcomments&post=4400"}],"version-history":[{"count":22,"href":"https:\/\/giaphucoffee.com\/index.php?rest_route=\/wp\/v2\/pages\/4400\/revisions"}],"predecessor-version":[{"id":9382,"href":"https:\/\/giaphucoffee.com\/index.php?rest_route=\/wp\/v2\/pages\/4400\/revisions\/9382"}],"wp:attachment":[{"href":"https:\/\/giaphucoffee.com\/index.php?rest_route=%2Fwp%2Fv2%2Fmedia&parent=4400"}],"curies":[{"name":"wp","href":"https:\/\/api.w.org\/{rel}","templated":true}]}}